{"id":526,"date":"2025-04-14T05:03:37","date_gmt":"2025-04-14T08:03:37","guid":{"rendered":"https:\/\/hemp.humanitas360.org\/?page_id=526"},"modified":"2025-04-14T05:09:29","modified_gmt":"2025-04-14T08:09:29","slug":"la-rinascita-della-cannabis","status":"publish","type":"page","link":"https:\/\/hemp.humanitas360.org\/it\/una-pianta-dai-mille-e-un-uso\/la-rinascita-della-cannabis\/","title":{"rendered":"La rinascita della cannabis"},"content":{"rendered":"<div id=\"fws_69f676715cedd\"  data-column-margin=\"default\" data-midnight=\"dark\"  class=\"wpb_row vc_row-fluid vc_row full-width-section\"  style=\"padding-top: 40px; padding-bottom: 0px; \"><div class=\"row-bg-wrap\" data-bg-animation=\"none\" data-bg-animation-delay=\"\" data-bg-overlay=\"true\"><div class=\"inner-wrap row-bg-layer\" ><div class=\"row-bg viewport-desktop\"  style=\"\"><\/div><\/div><div class=\"row-bg-overlay row-bg-layer\" style=\"background: #149792; background: linear-gradient(to bottom,#149792 0%,#e9fce6 100%);  opacity: 0.3; \"><\/div><\/div><div class=\"row_col_wrap_12 col span_12 dark left\">\n\t<div  class=\"vc_col-sm-12 wpb_column column_container vc_column_container col no-extra-padding inherit_tablet inherit_phone\"  data-padding-pos=\"all\" data-has-bg-color=\"false\" data-bg-color=\"\" data-bg-opacity=\"1\" data-animation=\"\" data-delay=\"0\" >\n\t\t<div class=\"vc_column-inner\" >\n\t\t\t<div class=\"wpb_wrapper\">\n\t\t\t\t<h1 style=\"font-size: 18px;color: #393a3a;line-height: 18px;text-align: left\" class=\"vc_custom_heading vc_do_custom_heading textobtn\" >La rinascita della cannabis<\/h1>\n<div class=\"wpb_text_column wpb_content_element  vc_custom_1744617894029\" >\n\t<div class=\"wpb_wrapper\">\n\t\t<h2><span style=\"color: #387035;\">La relazione tra la pianta e l\u2019uomo comincia a tornare alla normalit\u00e0<\/span><\/h2>\n\t<\/div>\n<\/div>\n\n\n\n<div class=\"divider-wrap\" data-alignment=\"default\"><div style=\"margin-top: 20px; width: 20%; height: 3px; margin-bottom: 20px;\" data-width=\"20%\" data-animate=\"yes\" data-animation-delay=\"200\" data-color=\"accent-color\" class=\"divider-small-border\"><\/div><\/div>\n<div class=\"wpb_text_column wpb_content_element\" >\n\t<div class=\"wpb_wrapper\">\n\t\t<p><span style=\"font-weight: 400;\">Dall\u2019inizio del secolo XXI, la guerra contro le droghe si \u00e8 indebolita dinanzi al palese fallimento di questa politica pubblica. Cos\u00ec, la relazione tra gli esseri umani e la cannabis ha cominciato a tornare alla normalit\u00e0, con la coltivazione della pianta in scala sempre maggiore per diverse applicazioni. L\u2019uso industriale e quello farmacologico sono gi\u00e0 regolamentati in gran parte del mondo, e anche l\u2019uso psicoattivo \u00e8 sempre pi\u00f9 regolamentato in molti paesi. L\u2019Istituto Humanitas360 sta sviluppando un <\/span><a href=\"https:\/\/humanitas360.org\/h360-president-to-lead-working-group-on-hemp-economy-at-the-presidential-council\/\"><span style=\"font-weight: 400;\">intenso lavoro di advocacy<\/span><\/a><span style=\"font-weight: 400;\"> per fare altrettanto in Brasile.<\/span><\/p>\n\t<\/div>\n<\/div>\n\n\n\n<div class=\"img-with-aniamtion-wrap center\" data-max-width=\"100%\" data-max-width-mobile=\"default\" data-shadow=\"none\" data-animation=\"none\" >\n      <div class=\"inner\">\n        <div class=\"hover-wrap\"> \n          <div class=\"hover-wrap-inner\">\n            <a href=\"https:\/\/hemp.humanitas360.org\/wp-content\/uploads\/2025\/04\/killerdrug.jpg\" aria-label=\"Il papiro Ebers (circa 1550 a.C.) dell&#039;antico Egitto contiene una ricetta per la marijuana medicinale applicata direttamente sulle infiammazioni\" class=\"pp center\" title=\"Pubblicit\u00e0 distribuita dall&#039;Ufficio federale degli stupefacenti degli Stati Uniti nel 1935\">\n              <img loading=\"lazy\" decoding=\"async\" class=\"img-with-animation skip-lazy\" data-delay=\"0\" height=\"442\" width=\"600\" data-animation=\"none\" src=\"https:\/\/hemp.humanitas360.org\/wp-content\/uploads\/2025\/04\/killerdrug.jpg\" alt=\"Pubblicit\u00e0 distribuita dall&#039;Ufficio federale degli stupefacenti degli Stati Uniti nel 1935\" srcset=\"https:\/\/hemp.humanitas360.org\/wp-content\/uploads\/2025\/04\/killerdrug.jpg 600w, https:\/\/hemp.humanitas360.org\/wp-content\/uploads\/2025\/04\/killerdrug-300x221.jpg 300w\" sizes=\"auto, (max-width: 600px) 100vw, 600px\" \/>\n            <\/a>\n          <\/div>\n        <\/div>\n      <\/div>\n      <\/div><p style=\"font-size: 16px;color: #387035;line-height: 1.2;text-align: left\" class=\"vc_custom_heading vc_do_custom_heading vc_custom_1744618018121\" >Pubblicit\u00e0 distribuita dall&#039;Ufficio federale degli stupefacenti degli Stati Uniti nel 1935<\/p>\n<div class=\"wpb_text_column wpb_content_element\" >\n\t<div class=\"wpb_wrapper\">\n\t\t<p><span style=\"font-weight: 400;\">Negli anni 1990, si \u00e8 visto l\u2019inasprimento della guerra contro le droghe e il cerchio si \u00e8 chiuso intorno alla cannabis. Non solo si sono battuti i record di sequestri e di detenzioni per il consumo di cannabis, ma \u00e8 diventato molto difficile farne un uso legittimo \u2013 scientifico, medico, industriale \u2013 a causa delle esagerate barriere legali. Alla fine del secolo XX, era chiaro per tutti che queste politiche erano dispendiose e controproducenti, e in tutto il mondo hanno cominciato a crearsi nuove politiche pubbliche in sostituzione alla guerra alle droghe.<\/span><\/p>\n<p><span style=\"font-weight: 400;\">Quello che si \u00e8 visto dall\u2019inizio del secolo XXI \u00e8 stato un\u2019evidente rinascita di tutte le applicazioni della cannabis. La produzione della canapa industriale nel mondo \u00e8 raddoppiata in pochi anni, e nello stesso periodo la ricerca scientifica ha ampliato le possibilit\u00e0 della medicina cannabica, mentre l\u2019uso psicoattivo \u00e8 regolamentato in paesi come l\u2019Uruguay, il Canada, la Germania e in gran parte degli stati americani. Ci sono gi\u00e0 40 paesi che producono la canapa e l\u2019aspettativa \u00e8 che questo numero cresca ulteriormente nel prossimo decennio.<\/span><\/p>\n<p><span style=\"font-weight: 400;\">In Brasile, il governo federale ha pubblicato recentemente un decreto creando un gruppo di lavoro con l\u2019obiettivo di incoraggiare l\u2019esplorazione commerciale della canapa nel paese. Creato nell\u2019ambito del Consiglio dello Sviluppo Economico Sociale e Sostenibile, il \"Gran Consiglio\u201d della Presidenza della Repubblica, il gruppo di lavoro sar\u00e0 coordinato dall\u2019avvocata Patr\u00edcia Villela Marino, presidente dell\u2019Istituto Humanitas360 e membro del \"Gran Consiglio\u201d.<\/span><\/p>\n\t<\/div>\n<\/div>\n\n\n\n<div class=\"img-with-aniamtion-wrap center\" data-max-width=\"100%\" data-max-width-mobile=\"default\" data-shadow=\"none\" data-animation=\"none\" >\n      <div class=\"inner\">\n        <div class=\"hover-wrap\"> \n          <div class=\"hover-wrap-inner\">\n            <a href=\"https:\/\/hemp.humanitas360.org\/wp-content\/uploads\/2025\/04\/1280px-DEA_Museum_IMG_2110_9702775770.jpg\" aria-label=\"Piatto con piedistallo del popolo Jomon del Giappone (10.500-300 a.C.), una delle tradizioni ceramiche pi\u00f9 vivaci della storia. Le texture superficiali venivano realizzate avvolgendo corde di canapa attorno all&#039;argilla ancora morbida\" class=\"pp center\" title=\"\">\n              <img loading=\"lazy\" decoding=\"async\" class=\"img-with-animation skip-lazy\" data-delay=\"0\" height=\"388\" width=\"500\" data-animation=\"none\" src=\"https:\/\/hemp.humanitas360.org\/wp-content\/uploads\/2025\/04\/1280px-DEA_Museum_IMG_2110_9702775770.jpg\" alt=\"\" srcset=\"https:\/\/hemp.humanitas360.org\/wp-content\/uploads\/2025\/04\/1280px-DEA_Museum_IMG_2110_9702775770.jpg 500w, https:\/\/hemp.humanitas360.org\/wp-content\/uploads\/2025\/04\/1280px-DEA_Museum_IMG_2110_9702775770-300x233.jpg 300w\" sizes=\"auto, (max-width: 500px) 100vw, 500px\" \/>\n            <\/a>\n          <\/div>\n        <\/div>\n      <\/div>\n      <\/div><p style=\"font-size: 16px;color: #387035;line-height: 1.2;text-align: left\" class=\"vc_custom_heading vc_do_custom_heading vc_custom_1744618114886\" >Il Drug Enforcement Administration Museum and Visitor Center \u00e8 un museo di propriet\u00e0 della DEA situato nella contea di Arlington, in Virginia. La sua prima mostra, dedicata alla cannabis, alla coca e al papavero, venne inaugurata nel 1999.<\/p>\n\t\t\t<\/div> \n\t\t<\/div>\n\t<\/div> \n<\/div><\/div>\n\t\t<div id=\"fws_69f676715dded\"  data-column-margin=\"default\" data-midnight=\"dark\"  class=\"wpb_row vc_row-fluid vc_row\"  style=\"padding-top: 0px; padding-bottom: 0px; \"><div class=\"row-bg-wrap\" data-bg-animation=\"none\" data-bg-animation-delay=\"\" data-bg-overlay=\"false\"><div class=\"inner-wrap row-bg-layer\" ><div class=\"row-bg viewport-desktop\"  style=\"\"><\/div><\/div><\/div><div class=\"row_col_wrap_12 col span_12 dark left\">\n\t<div  class=\"vc_col-sm-12 wpb_column column_container vc_column_container col no-extra-padding inherit_tablet inherit_phone\"  data-padding-pos=\"all\" data-has-bg-color=\"false\" data-bg-color=\"\" data-bg-opacity=\"1\" data-animation=\"\" data-delay=\"0\" >\n\t\t<div class=\"vc_column-inner\" >\n\t\t\t<div class=\"wpb_wrapper\">\n\t\t\t\t\n<div class=\"wpb_text_column wpb_content_element  vc_custom_1744610643975\" >\n\t<div class=\"wpb_wrapper\">\n\t\t<h2><span style=\"color: #387035;\">Continua a leggere:<\/span><\/h2>\n\t<\/div>\n<\/div>\n\n\n\n<div style=\"font-size: 20px;color: #ffffff;line-height: 18px;text-align: left;font-family:neulis_medium;font-weight:400;font-style:normal\" class=\"vc_custom_heading vc_do_custom_heading titulobtn vc_custom_1744610908827\" ><a href=\"https:\/\/hemp.humanitas360.org\/it\/una-lunga-storia\/\" title=\"Una lunga storia\">Una lunga storia<\/a><\/div><div style=\"font-size: 20px;color: #ffffff;line-height: 18px;text-align: left;font-family:neulis_medium;font-weight:400;font-style:normal\" class=\"vc_custom_heading vc_do_custom_heading titulobtn vc_custom_1744610898025\" ><a href=\"https:\/\/hemp.humanitas360.org\/it\/costruire-con-la-canapa\/\" title=\"Una lunga storia\">Costruire con la canapa<\/a><\/div><div style=\"font-size: 20px;color: #ffffff;line-height: 18px;text-align: left;font-family:neulis_medium;font-weight:400;font-style:normal\" class=\"vc_custom_heading vc_do_custom_heading titulobtn vc_custom_1744610888308\" ><a href=\"https:\/\/hemp.humanitas360.org\/it\/un-materiale-per-lemergenza-climatica\/\" title=\"Una lunga storia\">Un materiale per l&#039;emergenza climatica<\/a><\/div><div style=\"font-size: 20px;color: #ffffff;line-height: 18px;text-align: left;font-family:neulis_medium;font-weight:400;font-style:normal\" class=\"vc_custom_heading vc_do_custom_heading titulobtn vc_custom_1744610880860\" ><a href=\"https:\/\/hemp.humanitas360.org\/it\/una-pianta-dai-mille-e-un-uso\/\" title=\"Una lunga storia\">Una pianta dai mille e uno usi<\/a><\/div>\n\t\t\t<\/div> \n\t\t<\/div>\n\t<\/div> \n<\/div><\/div>","protected":false},"excerpt":{"rendered":"La rinascita della cannabis Il rapporto tra la pianta e gli esseri umani sta tornando alla normalit\u00e0 Dall&#039;inizio del XXI secolo, la guerra alla droga si \u00e8 indebolita, di fronte...","protected":false},"author":1,"featured_media":0,"parent":371,"menu_order":0,"comment_status":"closed","ping_status":"closed","template":"template-no-footer.php","meta":{"footnotes":""},"class_list":["post-526","page","type-page","status-publish"],"_links":{"self":[{"href":"https:\/\/hemp.humanitas360.org\/it\/wp-json\/wp\/v2\/pages\/526","targetHints":{"allow":["GET"]}}],"collection":[{"href":"https:\/\/hemp.humanitas360.org\/it\/wp-json\/wp\/v2\/pages"}],"about":[{"href":"https:\/\/hemp.humanitas360.org\/it\/wp-json\/wp\/v2\/types\/page"}],"author":[{"embeddable":true,"href":"https:\/\/hemp.humanitas360.org\/it\/wp-json\/wp\/v2\/users\/1"}],"replies":[{"embeddable":true,"href":"https:\/\/hemp.humanitas360.org\/it\/wp-json\/wp\/v2\/comments?post=526"}],"version-history":[{"count":1,"href":"https:\/\/hemp.humanitas360.org\/it\/wp-json\/wp\/v2\/pages\/526\/revisions"}],"predecessor-version":[{"id":529,"href":"https:\/\/hemp.humanitas360.org\/it\/wp-json\/wp\/v2\/pages\/526\/revisions\/529"}],"up":[{"embeddable":true,"href":"https:\/\/hemp.humanitas360.org\/it\/wp-json\/wp\/v2\/pages\/371"}],"wp:attachment":[{"href":"https:\/\/hemp.humanitas360.org\/it\/wp-json\/wp\/v2\/media?parent=526"}],"curies":[{"name":"parola chiave","href":"https:\/\/api.w.org\/{rel}","templated":true}]}}