{"id":520,"date":"2025-04-14T04:53:26","date_gmt":"2025-04-14T07:53:26","guid":{"rendered":"https:\/\/hemp.humanitas360.org\/?page_id=520"},"modified":"2025-04-15T15:30:50","modified_gmt":"2025-04-15T18:30:50","slug":"la-merce-perfetta","status":"publish","type":"page","link":"https:\/\/hemp.humanitas360.org\/it\/una-pianta-dai-mille-e-un-uso\/la-merce-perfetta\/","title":{"rendered":"La commodity perfetta"},"content":{"rendered":"<div id=\"fws_69f676c76770a\"  data-column-margin=\"default\" data-midnight=\"dark\"  class=\"wpb_row vc_row-fluid vc_row full-width-section\"  style=\"padding-top: 40px; padding-bottom: 0px; \"><div class=\"row-bg-wrap\" data-bg-animation=\"none\" data-bg-animation-delay=\"\" data-bg-overlay=\"true\"><div class=\"inner-wrap row-bg-layer\" ><div class=\"row-bg viewport-desktop\"  style=\"\"><\/div><\/div><div class=\"row-bg-overlay row-bg-layer\" style=\"background: #149792; background: linear-gradient(to bottom,#149792 0%,#e9fce6 100%);  opacity: 0.3; \"><\/div><\/div><div class=\"row_col_wrap_12 col span_12 dark left\">\n\t<div  class=\"vc_col-sm-12 wpb_column column_container vc_column_container col no-extra-padding inherit_tablet inherit_phone\"  data-padding-pos=\"all\" data-has-bg-color=\"false\" data-bg-color=\"\" data-bg-opacity=\"1\" data-animation=\"\" data-delay=\"0\" >\n\t\t<div class=\"vc_column-inner\" >\n\t\t\t<div class=\"wpb_wrapper\">\n\t\t\t\t<h1 style=\"font-size: 18px;color: #393a3a;line-height: 18px;text-align: left\" class=\"vc_custom_heading vc_do_custom_heading textobtn\" >La commodity perfetta<\/h1>\n<div class=\"wpb_text_column wpb_content_element  vc_custom_1744617262300\" >\n\t<div class=\"wpb_wrapper\">\n\t\t<h2><span style=\"color: #387035;\">L\u2019utilizzo di ogni parte della canapa<\/span><\/h2>\n\t<\/div>\n<\/div>\n\n\n\n<div class=\"divider-wrap\" data-alignment=\"default\"><div style=\"margin-top: 20px; width: 20%; height: 3px; margin-bottom: 20px;\" data-width=\"20%\" data-animate=\"yes\" data-animation-delay=\"200\" data-color=\"accent-color\" class=\"divider-small-border\"><\/div><\/div>\n<div class=\"wpb_text_column wpb_content_element\" >\n\t<div class=\"wpb_wrapper\">\n\t\t<p><span style=\"font-weight: 400;\">Le variet\u00e0 non psicoattive della cannabis, note come canapa, offrono una grande quantit\u00e0 di prodotti utili all\u2019umanit\u00e0. Seme, radice, fusto, fiore \u2013 tutta la pianta pu\u00f2 essere utilizzata, producendo dalla biomassa a basso costo fino ai principi attivi di altissimo valore aggregato nell\u2019industria farmaceutica. Un\u2019unica commodity pu\u00f2 muovere mille e una industrie.<\/span><\/p>\n\t<\/div>\n<\/div>\n\n\n\n\n<div class=\"wpb_text_column wpb_content_element\" >\n\t<div class=\"wpb_wrapper\">\n\t\t<p><span style=\"font-weight: 400;\">La canapa \u00e8 il nome dato alle variet\u00e0 non psicoattive della cannabis. Normalmente, la legge designa con questo nome ogni variet\u00e0 di cannabis che possieda nei suoi fiori meno di 0,3% di THC, la sostanza pi\u00f9 psicoattiva presente della pianta. Queste variet\u00e0 della pianta non sono incluse nei trattati internazionali che vietano la coltivazione e il commercio delle droghe \u2013 produrre e vendere canapa non dovrebbero essere limitati. Tuttavia, per molti anni, ci sono state molte difficolt\u00e0, soprattutto nel mercato internazionale. Nell\u2019ultimo decennio tutto \u00e8 molto cambiato in seguito alla regolamentazione della canapa nella maggior parte del mondo.<\/span><\/p>\n<p><span style=\"font-weight: 400;\">In questo modo, la canapa \u00e8 diventata una commodity prodotta e commercializzata in tutti i continenti con un grande numero di applicazioni nelle pi\u00f9 diverse industrie.<\/span><\/p>\n<p><span style=\"font-weight: 400;\">Scopri tutti i prodotti forniti dalle varie parti della pianta:<\/span><\/p>\n\t<\/div>\n<\/div>\n\n\n\n<div class=\"img-with-aniamtion-wrap center\" data-max-width=\"100%\" data-max-width-mobile=\"default\" data-shadow=\"none\" data-animation=\"none\" >\n      <div class=\"inner\">\n        <div class=\"hover-wrap\"> \n          <div class=\"hover-wrap-inner\">\n            <a href=\"https:\/\/hemp.humanitas360.org\/wp-content\/uploads\/2025\/04\/INFO_GRAFICO_VENEZA_V2.webp\" aria-label=\"Piatto con piedistallo del popolo Jomon del Giappone (10.500-300 a.C.), una delle tradizioni ceramiche pi\u00f9 vivaci della storia. Le texture superficiali venivano realizzate avvolgendo corde di canapa attorno all&#039;argilla ancora morbida\" class=\"pp center\" title=\"\">\n              <img loading=\"lazy\" decoding=\"async\" class=\"img-with-animation skip-lazy\" data-delay=\"0\" height=\"2418\" width=\"800\" data-animation=\"none\" src=\"https:\/\/hemp.humanitas360.org\/wp-content\/uploads\/2025\/04\/INFO_GRAFICO_VENEZA_V2.webp\" alt=\"\" srcset=\"https:\/\/hemp.humanitas360.org\/wp-content\/uploads\/2025\/04\/INFO_GRAFICO_VENEZA_V2.webp 800w, https:\/\/hemp.humanitas360.org\/wp-content\/uploads\/2025\/04\/INFO_GRAFICO_VENEZA_V2-99x300.webp 99w, https:\/\/hemp.humanitas360.org\/wp-content\/uploads\/2025\/04\/INFO_GRAFICO_VENEZA_V2-339x1024.webp 339w, https:\/\/hemp.humanitas360.org\/wp-content\/uploads\/2025\/04\/INFO_GRAFICO_VENEZA_V2-768x2321.webp 768w, https:\/\/hemp.humanitas360.org\/wp-content\/uploads\/2025\/04\/INFO_GRAFICO_VENEZA_V2-508x1536.webp 508w, https:\/\/hemp.humanitas360.org\/wp-content\/uploads\/2025\/04\/INFO_GRAFICO_VENEZA_V2-678x2048.webp 678w, https:\/\/hemp.humanitas360.org\/wp-content\/uploads\/2025\/04\/INFO_GRAFICO_VENEZA_V2-4x12.webp 4w\" sizes=\"auto, (max-width: 800px) 100vw, 800px\" \/>\n            <\/a>\n          <\/div>\n        <\/div>\n      <\/div>\n      <\/div>\n\t\t\t<\/div> \n\t\t<\/div>\n\t<\/div> \n<\/div><\/div>\n\t\t<div id=\"fws_69f676c7680c8\"  data-column-margin=\"default\" data-midnight=\"dark\"  class=\"wpb_row vc_row-fluid vc_row\"  style=\"padding-top: 0px; padding-bottom: 0px; \"><div class=\"row-bg-wrap\" data-bg-animation=\"none\" data-bg-animation-delay=\"\" data-bg-overlay=\"false\"><div class=\"inner-wrap row-bg-layer\" ><div class=\"row-bg viewport-desktop\"  style=\"\"><\/div><\/div><\/div><div class=\"row_col_wrap_12 col span_12 dark left\">\n\t<div  class=\"vc_col-sm-12 wpb_column column_container vc_column_container col no-extra-padding inherit_tablet inherit_phone\"  data-padding-pos=\"all\" data-has-bg-color=\"false\" data-bg-color=\"\" data-bg-opacity=\"1\" data-animation=\"\" data-delay=\"0\" >\n\t\t<div class=\"vc_column-inner\" >\n\t\t\t<div class=\"wpb_wrapper\">\n\t\t\t\t\n<div class=\"wpb_text_column wpb_content_element  vc_custom_1744610643975\" >\n\t<div class=\"wpb_wrapper\">\n\t\t<h2><span style=\"color: #387035;\">Continua a leggere:<\/span><\/h2>\n\t<\/div>\n<\/div>\n\n\n\n<div style=\"font-size: 20px;color: #ffffff;line-height: 18px;text-align: left;font-family:neulis_medium;font-weight:400;font-style:normal\" class=\"vc_custom_heading vc_do_custom_heading titulobtn vc_custom_1744610908827\" ><a href=\"https:\/\/hemp.humanitas360.org\/it\/una-lunga-storia\/\" title=\"Una lunga storia\">Una lunga storia<\/a><\/div><div style=\"font-size: 20px;color: #ffffff;line-height: 18px;text-align: left;font-family:neulis_medium;font-weight:400;font-style:normal\" class=\"vc_custom_heading vc_do_custom_heading titulobtn vc_custom_1744610898025\" ><a href=\"https:\/\/hemp.humanitas360.org\/it\/costruire-con-la-canapa\/\" title=\"Una lunga storia\">Costruire con la canapa<\/a><\/div><div style=\"font-size: 20px;color: #ffffff;line-height: 18px;text-align: left;font-family:neulis_medium;font-weight:400;font-style:normal\" class=\"vc_custom_heading vc_do_custom_heading titulobtn vc_custom_1744610888308\" ><a href=\"https:\/\/hemp.humanitas360.org\/it\/un-materiale-per-lemergenza-climatica\/\" title=\"Una lunga storia\">Un materiale per l&#039;emergenza climatica<\/a><\/div><div style=\"font-size: 20px;color: #ffffff;line-height: 18px;text-align: left;font-family:neulis_medium;font-weight:400;font-style:normal\" class=\"vc_custom_heading vc_do_custom_heading titulobtn vc_custom_1744610880860\" ><a href=\"https:\/\/hemp.humanitas360.org\/it\/una-pianta-dai-mille-e-un-uso\/\" title=\"Una lunga storia\">Una pianta dai mille e uno usi<\/a><\/div>\n\t\t\t<\/div> \n\t\t<\/div>\n\t<\/div> \n<\/div><\/div>","protected":false},"excerpt":{"rendered":"La merce perfetta: sfruttare al meglio la canapa Le variet\u00e0 non psicoattive della cannabis, note come canapa, offrono una miriade di cose utili all&#039;umanit\u00e0. Semi, radici, stelo, fiori...","protected":false},"author":1,"featured_media":0,"parent":371,"menu_order":0,"comment_status":"closed","ping_status":"closed","template":"template-no-footer.php","meta":{"footnotes":""},"class_list":["post-520","page","type-page","status-publish"],"_links":{"self":[{"href":"https:\/\/hemp.humanitas360.org\/it\/wp-json\/wp\/v2\/pages\/520","targetHints":{"allow":["GET"]}}],"collection":[{"href":"https:\/\/hemp.humanitas360.org\/it\/wp-json\/wp\/v2\/pages"}],"about":[{"href":"https:\/\/hemp.humanitas360.org\/it\/wp-json\/wp\/v2\/types\/page"}],"author":[{"embeddable":true,"href":"https:\/\/hemp.humanitas360.org\/it\/wp-json\/wp\/v2\/users\/1"}],"replies":[{"embeddable":true,"href":"https:\/\/hemp.humanitas360.org\/it\/wp-json\/wp\/v2\/comments?post=520"}],"version-history":[{"count":4,"href":"https:\/\/hemp.humanitas360.org\/it\/wp-json\/wp\/v2\/pages\/520\/revisions"}],"predecessor-version":[{"id":568,"href":"https:\/\/hemp.humanitas360.org\/it\/wp-json\/wp\/v2\/pages\/520\/revisions\/568"}],"up":[{"embeddable":true,"href":"https:\/\/hemp.humanitas360.org\/it\/wp-json\/wp\/v2\/pages\/371"}],"wp:attachment":[{"href":"https:\/\/hemp.humanitas360.org\/it\/wp-json\/wp\/v2\/media?parent=520"}],"curies":[{"name":"parola chiave","href":"https:\/\/api.w.org\/{rel}","templated":true}]}}