{"id":515,"date":"2025-04-14T04:45:04","date_gmt":"2025-04-14T07:45:04","guid":{"rendered":"https:\/\/hemp.humanitas360.org\/?page_id=515"},"modified":"2025-04-17T16:37:13","modified_gmt":"2025-04-17T19:37:13","slug":"verso-uneconomia-circolare","status":"publish","type":"page","link":"https:\/\/hemp.humanitas360.org\/it\/un-materiale-per-lemergenza-climatica\/verso-uneconomia-circolare\/","title":{"rendered":"Verso un\u2019economia circolare"},"content":{"rendered":"<div id=\"fws_69f6653713711\"  data-column-margin=\"default\" data-midnight=\"dark\"  class=\"wpb_row vc_row-fluid vc_row full-width-section\"  style=\"padding-top: 40px; padding-bottom: 0px; \"><div class=\"row-bg-wrap\" data-bg-animation=\"none\" data-bg-animation-delay=\"\" data-bg-overlay=\"true\"><div class=\"inner-wrap row-bg-layer\" ><div class=\"row-bg viewport-desktop\"  style=\"\"><\/div><\/div><div class=\"row-bg-overlay row-bg-layer\" style=\"background: #149792; background: linear-gradient(to bottom,#149792 0%,#e9fce6 100%);  opacity: 0.3; \"><\/div><\/div><div class=\"row_col_wrap_12 col span_12 dark left\">\n\t<div  class=\"vc_col-sm-12 wpb_column column_container vc_column_container col no-extra-padding inherit_tablet inherit_phone\"  data-padding-pos=\"all\" data-has-bg-color=\"false\" data-bg-color=\"\" data-bg-opacity=\"1\" data-animation=\"\" data-delay=\"0\" >\n\t\t<div class=\"vc_column-inner\" >\n\t\t\t<div class=\"wpb_wrapper\">\n\t\t\t\t<h1 style=\"font-size: 18px;color: #393a3a;line-height: 18px;text-align: left\" class=\"vc_custom_heading vc_do_custom_heading textobtn\" >Verso un\u2019economia circolare<\/h1>\n<div class=\"wpb_text_column wpb_content_element  vc_custom_1744616747770\" >\n\t<div class=\"wpb_wrapper\">\n\t\t<h2><span style=\"color: #387035;\"> Un nuovo modo di pensare il mondo<\/span><\/h2>\n\t<\/div>\n<\/div>\n\n\n\n<div class=\"divider-wrap\" data-alignment=\"default\"><div style=\"margin-top: 20px; width: 20%; height: 3px; margin-bottom: 20px;\" data-width=\"20%\" data-animate=\"yes\" data-animation-delay=\"200\" data-color=\"accent-color\" class=\"divider-small-border\"><\/div><\/div>\n<div class=\"wpb_text_column wpb_content_element\" >\n\t<div class=\"wpb_wrapper\">\n\t\t<p><span style=\"font-weight: 400;\">Puoi coltivare il materiale di cui farai la tua casa. Una pianta cresce in soli 100 giorni e, durante il processo, pulisce l\u2019atmosfera e il suolo rinforzando il sistema idrico. Nell\u2019arco della sua vita, il materiale continua ad assorbire carbonio. E, quando la casa sar\u00e0 demolita, i materiali torneranno alla natura e nutriranno il suolo, dove il materiale continuer\u00e0 a crescere per fare nuove case. Cos\u00ec \u00e8 l\u2019economia circolare, nella quale non ci sono rifiuti \u2013 perch\u00e9 il rifiuto di un processo fornisce la risorsa all\u2019altro indefinitamente.<\/span><\/p>\n\t<\/div>\n<\/div>\n\n\n\n<div class=\"img-with-aniamtion-wrap\" data-max-width=\"100%\" data-max-width-mobile=\"default\" data-shadow=\"none\" data-animation=\"none\" >\n      <div class=\"inner\">\n        <div class=\"hover-wrap\"> \n          <div class=\"hover-wrap-inner\">\n            <img loading=\"lazy\" decoding=\"async\" class=\"img-with-animation skip-lazy\" data-delay=\"0\" height=\"352\" width=\"500\" data-animation=\"none\" src=\"https:\/\/hemp.humanitas360.org\/wp-content\/uploads\/2025\/04\/1280px-HempSeed.jpg\" alt=\"Semi di canapa industriale in mostra nell&#039;edificio dedicato all&#039;orticoltura alla Fiera dello Stato del Minnesota del 2017.\" srcset=\"https:\/\/hemp.humanitas360.org\/wp-content\/uploads\/2025\/04\/1280px-HempSeed.jpg 500w, https:\/\/hemp.humanitas360.org\/wp-content\/uploads\/2025\/04\/1280px-HempSeed-300x211.jpg 300w\" sizes=\"auto, (max-width: 500px) 100vw, 500px\" \/>\n          <\/div>\n        <\/div>\n      <\/div>\n    <\/div><p style=\"font-size: 16px;color: #387035;line-height: 1.2;text-align: left\" class=\"vc_custom_heading vc_do_custom_heading vc_custom_1744751204916\" >Semi di canapa industriale in mostra nell&#039;edificio dedicato all&#039;orticoltura alla Fiera dello Stato del Minnesota del 2017 (Credito: Jonathunder)<\/p>\n<div class=\"wpb_text_column wpb_content_element\" >\n\t<div class=\"wpb_wrapper\">\n\t\t<p><span style=\"font-weight: 400;\">L\u2019hempcrete rende possibile il sogno di un\u2019economia in cui le risorse non vengono esaurite e i rifiuti non si accumulano \u2013 tutto torna indefinitamente ai cicli vitali e si rinnova. Produrre materiale edilizio a partire da piante coltivate \u00e8 un modo di rispondere ai bisogni e nello stesso tempo di pulire l\u2019atmosfera. Inoltre, si rinnova il sistema idrico e ci si prende cura del suolo. La canapa \u00e8 eccellente per arricchire e decontaminare la terra \u2013 non a caso, vaste coltivazioni di canapa sono state realizzate nella regione dove \u00e8 accaduto il disastro nucleare di Chernobyl.<\/span><\/p>\n<p><span style=\"font-weight: 400;\">Siamo abituati a pensare che l\u2019edilizia, per definizione, produce un impatto negativo sulla natura \u2013 e molte delle alternative ritenute sostenibili sono, infatti, tentativi di ridurre questo impatto. Ma non per forza dev\u2019essere cos\u00ec: l\u2019impatto pu\u00f2 essere positivo. Un sistema razionale \u00e8 quello in cui pi\u00f9 si costruisce, pi\u00f9 si rinnovano il suolo, l\u2019acqua e l\u2019atmosfera. Citt\u00e0 fatte di canapa possono essere grandi serbatoi di carbonio, e pi\u00f9 grandi sono pi\u00f9 impatti positivi possono produrre.<\/span><\/p>\n\t<\/div>\n<\/div>\n\n\n\n<div class=\"nectar_video_player_self_hosted wpb_video_widget wpb_content_element vc_clearfix vc_video-aspect-ratio-169 vc_video-el-width-100 vc_video-align-left\" data-border-radius=\"none\" data-shadow=\"none\">\n<div class=\"wpb_wrapper\"><div class=\"wpb_video_wrapper\"><video width=\"1280\" height=\"720\" class=\"nectar-video-self-hosted\" preload=\"auto\" controls controlslist=\"nodownload\"><source src=\"http:\/\/hemp.humanitas360.org\/wp-content\/uploads\/2025\/04\/Adobe-Express-2025-04-17-16.35.17.mp4\"  type=\"video\/mp4\"><\/video><\/div><\/div><\/div><p style=\"font-size: 16px;color: #387035;line-height: 1.2;text-align: left\" class=\"vc_custom_heading vc_do_custom_heading vc_custom_1744617031093\" >Raccolta della canapa ed estrazione delle fibre in una fattoria negli Stati Uniti<\/p>\n\t\t\t<\/div> \n\t\t<\/div>\n\t<\/div> \n<\/div><\/div>\n\t\t<div id=\"fws_69f6653714198\"  data-column-margin=\"default\" data-midnight=\"dark\"  class=\"wpb_row vc_row-fluid vc_row  top_margin_50px\"  style=\"padding-top: 0px; padding-bottom: 0px; \"><div class=\"row-bg-wrap\" data-bg-animation=\"none\" data-bg-animation-delay=\"\" data-bg-overlay=\"false\"><div class=\"inner-wrap row-bg-layer\" ><div class=\"row-bg viewport-desktop\"  style=\"\"><\/div><\/div><\/div><div class=\"row_col_wrap_12 col span_12 dark left\">\n\t<div  class=\"vc_col-sm-12 wpb_column column_container vc_column_container col no-extra-padding inherit_tablet inherit_phone\"  data-padding-pos=\"all\" data-has-bg-color=\"false\" data-bg-color=\"\" data-bg-opacity=\"1\" data-animation=\"\" data-delay=\"0\" >\n\t\t<div class=\"vc_column-inner\" >\n\t\t\t<div class=\"wpb_wrapper\">\n\t\t\t\t\n<div class=\"wpb_text_column wpb_content_element  vc_custom_1744610643975\" >\n\t<div class=\"wpb_wrapper\">\n\t\t<h2><span style=\"color: #387035;\">Continua a leggere:<\/span><\/h2>\n\t<\/div>\n<\/div>\n\n\n\n<div style=\"font-size: 20px;color: #ffffff;line-height: 18px;text-align: left;font-family:neulis_medium;font-weight:400;font-style:normal\" class=\"vc_custom_heading vc_do_custom_heading titulobtn vc_custom_1744610908827\" ><a href=\"https:\/\/hemp.humanitas360.org\/it\/una-lunga-storia\/\" title=\"Una lunga storia\">Una lunga storia<\/a><\/div><div style=\"font-size: 20px;color: #ffffff;line-height: 18px;text-align: left;font-family:neulis_medium;font-weight:400;font-style:normal\" class=\"vc_custom_heading vc_do_custom_heading titulobtn vc_custom_1744610898025\" ><a href=\"https:\/\/hemp.humanitas360.org\/it\/costruire-con-la-canapa\/\" title=\"Una lunga storia\">Costruire con la canapa<\/a><\/div><div style=\"font-size: 20px;color: #ffffff;line-height: 18px;text-align: left;font-family:neulis_medium;font-weight:400;font-style:normal\" class=\"vc_custom_heading vc_do_custom_heading titulobtn vc_custom_1744610888308\" ><a href=\"https:\/\/hemp.humanitas360.org\/it\/un-materiale-per-lemergenza-climatica\/\" title=\"Una lunga storia\">Un materiale per l&#039;emergenza climatica<\/a><\/div><div style=\"font-size: 20px;color: #ffffff;line-height: 18px;text-align: left;font-family:neulis_medium;font-weight:400;font-style:normal\" class=\"vc_custom_heading vc_do_custom_heading titulobtn vc_custom_1744610880860\" ><a href=\"https:\/\/hemp.humanitas360.org\/it\/una-pianta-dai-mille-e-un-uso\/\" title=\"Una lunga storia\">Una pianta dai mille e uno usi<\/a><\/div>\n\t\t\t<\/div> \n\t\t<\/div>\n\t<\/div> \n<\/div><\/div>","protected":false},"excerpt":{"rendered":"Verso un&#039;economia circolare Un nuovo modo di pensare al mondo Il materiale con cui costruirai la tua casa lo coltivi dal terreno. Una pianta cresce e...","protected":false},"author":1,"featured_media":0,"parent":354,"menu_order":0,"comment_status":"closed","ping_status":"closed","template":"template-no-footer.php","meta":{"footnotes":""},"class_list":["post-515","page","type-page","status-publish"],"_links":{"self":[{"href":"https:\/\/hemp.humanitas360.org\/it\/wp-json\/wp\/v2\/pages\/515","targetHints":{"allow":["GET"]}}],"collection":[{"href":"https:\/\/hemp.humanitas360.org\/it\/wp-json\/wp\/v2\/pages"}],"about":[{"href":"https:\/\/hemp.humanitas360.org\/it\/wp-json\/wp\/v2\/types\/page"}],"author":[{"embeddable":true,"href":"https:\/\/hemp.humanitas360.org\/it\/wp-json\/wp\/v2\/users\/1"}],"replies":[{"embeddable":true,"href":"https:\/\/hemp.humanitas360.org\/it\/wp-json\/wp\/v2\/comments?post=515"}],"version-history":[{"count":5,"href":"https:\/\/hemp.humanitas360.org\/it\/wp-json\/wp\/v2\/pages\/515\/revisions"}],"predecessor-version":[{"id":716,"href":"https:\/\/hemp.humanitas360.org\/it\/wp-json\/wp\/v2\/pages\/515\/revisions\/716"}],"up":[{"embeddable":true,"href":"https:\/\/hemp.humanitas360.org\/it\/wp-json\/wp\/v2\/pages\/354"}],"wp:attachment":[{"href":"https:\/\/hemp.humanitas360.org\/it\/wp-json\/wp\/v2\/media?parent=515"}],"curies":[{"name":"parola chiave","href":"https:\/\/api.w.org\/{rel}","templated":true}]}}