{"id":491,"date":"2025-04-14T04:04:58","date_gmt":"2025-04-14T07:04:58","guid":{"rendered":"https:\/\/hemp.humanitas360.org\/?page_id=491"},"modified":"2025-04-17T16:25:54","modified_gmt":"2025-04-17T19:25:54","slug":"gli-attributi-del-materiale","status":"publish","type":"page","link":"https:\/\/hemp.humanitas360.org\/it\/costruire-con-la-canapa\/gli-attributi-del-materiale\/","title":{"rendered":"Le caratteristiche del materiale"},"content":{"rendered":"<div id=\"fws_69f6654c5a277\"  data-column-margin=\"default\" data-midnight=\"dark\"  class=\"wpb_row vc_row-fluid vc_row full-width-section\"  style=\"padding-top: 40px; padding-bottom: 0px; \"><div class=\"row-bg-wrap\" data-bg-animation=\"none\" data-bg-animation-delay=\"\" data-bg-overlay=\"true\"><div class=\"inner-wrap row-bg-layer\" ><div class=\"row-bg viewport-desktop\"  style=\"\"><\/div><\/div><div class=\"row-bg-overlay row-bg-layer\" style=\"background: #149792; background: linear-gradient(to bottom,#149792 0%,#e9fce6 100%);  opacity: 0.3; \"><\/div><\/div><div class=\"row_col_wrap_12 col span_12 dark left\">\n\t<div  class=\"vc_col-sm-12 wpb_column column_container vc_column_container col no-extra-padding inherit_tablet inherit_phone\"  data-padding-pos=\"all\" data-has-bg-color=\"false\" data-bg-color=\"\" data-bg-opacity=\"1\" data-animation=\"\" data-delay=\"0\" >\n\t\t<div class=\"vc_column-inner\" >\n\t\t\t<div class=\"wpb_wrapper\">\n\t\t\t\t<h1 style=\"font-size: 18px;color: #393a3a;line-height: 18px;text-align: left\" class=\"vc_custom_heading vc_do_custom_heading textobtn\" >Le caratteristiche del materiale<\/h1>\n<div class=\"wpb_text_column wpb_content_element  vc_custom_1744615020478\" >\n\t<div class=\"wpb_wrapper\">\n\t\t<h2><span style=\"color: #387035;\">Pratico, versatile, termico, piacevole<\/span><\/h2>\n\t<\/div>\n<\/div>\n\n\n\n<div class=\"divider-wrap\" data-alignment=\"default\"><div style=\"margin-top: 20px; width: 20%; height: 3px; margin-bottom: 20px;\" data-width=\"20%\" data-animate=\"yes\" data-animation-delay=\"200\" data-color=\"accent-color\" class=\"divider-small-border\"><\/div><\/div>\n<div class=\"wpb_text_column wpb_content_element\" >\n\t<div class=\"wpb_wrapper\">\n\t\t<p><span style=\"font-weight: 400;\">Molto leggero e facile da usare, straordinariamente versatile, l\u2019hempcrete pu\u00f2 essere utilizzato nei rivestimenti quanto nei soffitti come isolante. Non solo possiede buoni attributi termici, come regola anche l\u2019umidit\u00e0 dell\u2019aria intorno a s\u00e9 \u2013 ovvero, rende lo spazio pi\u00f9 fresco e piacevole. Efficiente acusticamente, resistente al fuoco, resiliente all\u2019usura\u2026 E non abbiamo nemmeno cominciato a parlare delle sue caratteristiche ambientali.<\/span><\/p>\n\t<\/div>\n<\/div>\n\n\n\n<div class=\"img-with-aniamtion-wrap center\" data-max-width=\"100%\" data-max-width-mobile=\"default\" data-shadow=\"none\" data-animation=\"none\" >\n      <div class=\"inner\">\n        <div class=\"hover-wrap\"> \n          <div class=\"hover-wrap-inner\">\n            <a href=\"https:\/\/hemp.humanitas360.org\/wp-content\/uploads\/2025\/04\/blocos-2.jpg\" aria-label=\"Il papiro Ebers (circa 1550 a.C.) dell&#039;antico Egitto contiene una ricetta per la marijuana medicinale applicata direttamente sulle infiammazioni\" class=\"pp center\" title=\"\">\n              <img loading=\"lazy\" decoding=\"async\" class=\"img-with-animation skip-lazy\" data-delay=\"0\" height=\"394\" width=\"594\" data-animation=\"none\" src=\"https:\/\/hemp.humanitas360.org\/wp-content\/uploads\/2025\/04\/blocos-2.jpg\" alt=\"\" srcset=\"https:\/\/hemp.humanitas360.org\/wp-content\/uploads\/2025\/04\/blocos-2.jpg 594w, https:\/\/hemp.humanitas360.org\/wp-content\/uploads\/2025\/04\/blocos-2-300x199.jpg 300w, https:\/\/hemp.humanitas360.org\/wp-content\/uploads\/2025\/04\/blocos-2-18x12.jpg 18w\" sizes=\"auto, (max-width: 594px) 100vw, 594px\" \/>\n            <\/a>\n          <\/div>\n        <\/div>\n      <\/div>\n      <\/div><p style=\"font-size: 16px;color: #387035;line-height: 1.2;text-align: left\" class=\"vc_custom_heading vc_do_custom_heading vc_custom_1744615107147\" >Blocchi e \u201chempcrete\u201d, calcestruzzo a base di canapa, modellati in diverse forme e modelli<\/p>\n<div class=\"wpb_text_column wpb_content_element\" >\n\t<div class=\"wpb_wrapper\">\n\t\t<ul>\n<li style=\"font-weight: 400;\" aria-level=\"1\"><span style=\"font-weight: 400;\">Comforto termico \u2013 Secondo una recente ricerca, l\u2019hempcrete \u00e8 pi\u00f9 di un eccellente isolante termico, ha una conduttivit\u00e0 di calore di molto inferiore rispetto al concreto comune e ad altri materiali pi\u00f9 sostenibili. Inoltre, contribuisce alla regolazione dell\u2019umidit\u00e0 dell\u2019ambiente, mantenendo l\u2019aria fresca e sottilmente umida nelle prossimit\u00e0 dei muri. In virt\u00f9 di questa caratteristica e della sua buona inerzia termica, l\u2019hempcrete migliora il comfort termico sia nel caldo che nel freddo, tanto in presenza quanto in assenza di pioggia.<\/span><\/li>\n<li style=\"font-weight: 400;\" aria-level=\"1\"><span style=\"font-weight: 400;\">Efficienza energetica \u2013 Queste caratteristiche descritte poc\u2019anzi e la respirabilit\u00e0 del materiale permettono di costruire spazi che non richiedono il riscaldamento durante l\u2019inverno, n\u00e9 la refrigerazione durante l\u2019estate, generando risparmio energetico.<\/span><\/li>\n<li style=\"font-weight: 400;\" aria-level=\"1\"><span style=\"font-weight: 400;\">Comforto acustico \u2013 I trucioli di canapa sono buoni isolanti termici. Perfino una placca sottile, e molto leggera, riduce di molto il disturbo causato dai rumori. Nei test realizzati, l\u2019assorbimento del suono ha avuto una variazione tra 0,24 e 0,53, a seconda della frequenza.<\/span><\/li>\n<li style=\"font-weight: 400;\" aria-level=\"1\"><span style=\"font-weight: 400;\">Propriet\u00e0 meccaniche \u2013 Sebbene l\u2019hempcrete non sia adatto per strutturare una costruzione elevata, le sue caratteristiche lo rendono un materiale resistente, in grado di avere grande durabilit\u00e0 in situazioni difficili. Non essendo rigido, riesce ad accomodare i movimenti, il che pu\u00f2 essere utile in regioni colpite da eventi sismici. In ogni caso, l\u2019hempcrete non si piega: la sua resistenza alla flessione \u00e8 equivalente a quella dei blocchi di gesso o di concreto.<\/span><\/li>\n<li style=\"font-weight: 400;\" aria-level=\"1\"><span style=\"font-weight: 400;\">Leggerezza \u2013 Molto leggeri e resistenti, i trucioli della canapa si rivelano un materiale facile da maneggiare e pratico da usare.<\/span><\/li>\n<li style=\"font-weight: 400;\" aria-level=\"1\"><span style=\"font-weight: 400;\"><span style=\"font-weight: 400;\">Resistenze molteplici \u2013 Il materiale ha presentato ottime prestazioni nella resistenza agli incendi e alle termiti.<\/span><\/span><\/li>\n<li style=\"font-weight: 400;\" aria-level=\"1\"><span style=\"font-weight: 400;\"><span style=\"font-weight: 400;\">Versatilit\u00e0 \u2013 Il fatto di poter essere spruzzato o modellato nei cantieri favorisce la scoperta di nuove applicazioni per la canapa.<\/span><\/span><\/li>\n<li style=\"font-weight: 400;\" aria-level=\"1\"><span style=\"font-weight: 400;\">Controindicazioni \u2013 l\u2019hempcrete non \u00e8 consigliato in zone congelanti \u2013 il ciclo di congelamento e di scongelamento pu\u00f2 comprometterne la durabilit\u00e0. Inoltre, non ne \u00e8 consigliato l\u2019uso in casi di eccessiva esposizione all\u2019umidit\u00e0. Bench\u00e9 sia autoportante per le costruzioni con fino a due piani, l\u2019hempcrete non \u00e8 indicato come elemento strutturale per costruzioni pi\u00f9 elevate.<\/span><\/li>\n<\/ul>\n<p><span style=\"font-weight: 400;\"><strong>Fonte:<\/strong> <em>Ansari H, Tabish M, Zaheer M. \u201c<a href=\"https:\/\/www.sciencedirect.com\/science\/article\/pii\/S2949823624000527#sec0035\">Una revisione completa delle propriet\u00e0 del calcestruzzo incorporato nella canapa: un approccio alla costruzione a bassa impronta di carbonio<\/a>\u201d. 2025.<\/em><\/span><\/p>\n\t<\/div>\n<\/div>\n\n\n\n<div class=\"img-with-aniamtion-wrap center\" data-max-width=\"100%\" data-max-width-mobile=\"default\" data-shadow=\"none\" data-animation=\"none\" >\n      <div class=\"inner\">\n        <div class=\"hover-wrap\"> \n          <div class=\"hover-wrap-inner\">\n            <a href=\"https:\/\/hemp.humanitas360.org\/wp-content\/uploads\/2025\/04\/matoHemp.webp\" aria-label=\"Piatto con piedistallo del popolo Jomon del Giappone (10.500-300 a.C.), una delle tradizioni ceramiche pi\u00f9 vivaci della storia. Le texture superficiali venivano realizzate avvolgendo corde di canapa attorno all&#039;argilla ancora morbida\" class=\"pp center\" title=\"\">\n              <img loading=\"lazy\" decoding=\"async\" class=\"img-with-animation skip-lazy\" data-delay=\"0\" height=\"533\" width=\"800\" data-animation=\"none\" src=\"https:\/\/hemp.humanitas360.org\/wp-content\/uploads\/2025\/04\/matoHemp.webp\" alt=\"\" srcset=\"https:\/\/hemp.humanitas360.org\/wp-content\/uploads\/2025\/04\/matoHemp.webp 800w, https:\/\/hemp.humanitas360.org\/wp-content\/uploads\/2025\/04\/matoHemp-300x200.webp 300w, https:\/\/hemp.humanitas360.org\/wp-content\/uploads\/2025\/04\/matoHemp-768x512.webp 768w, https:\/\/hemp.humanitas360.org\/wp-content\/uploads\/2025\/04\/matoHemp-18x12.webp 18w\" sizes=\"auto, (max-width: 800px) 100vw, 800px\" \/>\n            <\/a>\n          <\/div>\n        <\/div>\n      <\/div>\n      <\/div><p style=\"font-size: 16px;color: #387035;line-height: 1.2;text-align: left\" class=\"vc_custom_heading vc_do_custom_heading vc_custom_1744615130702\" >Fibre di canapa ancora verdi, gi\u00e0 separate dallo stelo, pronte per essere tessute<\/p>\n\t\t\t<\/div> \n\t\t<\/div>\n\t<\/div> \n<\/div><\/div>\n\t\t<div id=\"fws_69f6654c5b39d\"  data-column-margin=\"default\" data-midnight=\"dark\"  class=\"wpb_row vc_row-fluid vc_row\"  style=\"padding-top: 0px; padding-bottom: 0px; \"><div class=\"row-bg-wrap\" data-bg-animation=\"none\" data-bg-animation-delay=\"\" data-bg-overlay=\"false\"><div class=\"inner-wrap row-bg-layer\" ><div class=\"row-bg viewport-desktop\"  style=\"\"><\/div><\/div><\/div><div class=\"row_col_wrap_12 col span_12 dark left\">\n\t<div  class=\"vc_col-sm-12 wpb_column column_container vc_column_container col no-extra-padding inherit_tablet inherit_phone\"  data-padding-pos=\"all\" data-has-bg-color=\"false\" data-bg-color=\"\" data-bg-opacity=\"1\" data-animation=\"\" data-delay=\"0\" >\n\t\t<div class=\"vc_column-inner\" >\n\t\t\t<div class=\"wpb_wrapper\">\n\t\t\t\t\n<div class=\"wpb_text_column wpb_content_element  vc_custom_1744610643975\" >\n\t<div class=\"wpb_wrapper\">\n\t\t<h2><span style=\"color: #387035;\">Continua a leggere:<\/span><\/h2>\n\t<\/div>\n<\/div>\n\n\n\n<div style=\"font-size: 20px;color: #ffffff;line-height: 18px;text-align: left;font-family:neulis_medium;font-weight:400;font-style:normal\" class=\"vc_custom_heading vc_do_custom_heading titulobtn vc_custom_1744610908827\" ><a href=\"https:\/\/hemp.humanitas360.org\/it\/una-lunga-storia\/\" title=\"Una lunga storia\">Una lunga storia<\/a><\/div><div style=\"font-size: 20px;color: #ffffff;line-height: 18px;text-align: left;font-family:neulis_medium;font-weight:400;font-style:normal\" class=\"vc_custom_heading vc_do_custom_heading titulobtn vc_custom_1744610898025\" ><a href=\"https:\/\/hemp.humanitas360.org\/it\/costruire-con-la-canapa\/\" title=\"Una lunga storia\">Costruire con la canapa<\/a><\/div><div style=\"font-size: 20px;color: #ffffff;line-height: 18px;text-align: left;font-family:neulis_medium;font-weight:400;font-style:normal\" class=\"vc_custom_heading vc_do_custom_heading titulobtn vc_custom_1744610888308\" ><a href=\"https:\/\/hemp.humanitas360.org\/it\/un-materiale-per-lemergenza-climatica\/\" title=\"Una lunga storia\">Un materiale per l&#039;emergenza climatica<\/a><\/div><div style=\"font-size: 20px;color: #ffffff;line-height: 18px;text-align: left;font-family:neulis_medium;font-weight:400;font-style:normal\" class=\"vc_custom_heading vc_do_custom_heading titulobtn vc_custom_1744610880860\" ><a href=\"https:\/\/hemp.humanitas360.org\/it\/una-pianta-dai-mille-e-un-uso\/\" title=\"Una lunga storia\">Una pianta dai mille e uno usi<\/a><\/div>\n\t\t\t<\/div> \n\t\t<\/div>\n\t<\/div> \n<\/div><\/div>","protected":false},"excerpt":{"rendered":"Le propriet\u00e0 del materiale Pratico, versatile, termico, piacevole Molto leggero e facile da usare, incredibilmente versatile, il cemento di canapa pu\u00f2 essere utilizzato sia nei rivestimenti che nei rivestimenti, come isolante. Lui...","protected":false},"author":1,"featured_media":0,"parent":343,"menu_order":0,"comment_status":"closed","ping_status":"closed","template":"template-no-footer.php","meta":{"footnotes":""},"class_list":["post-491","page","type-page","status-publish"],"_links":{"self":[{"href":"https:\/\/hemp.humanitas360.org\/it\/wp-json\/wp\/v2\/pages\/491","targetHints":{"allow":["GET"]}}],"collection":[{"href":"https:\/\/hemp.humanitas360.org\/it\/wp-json\/wp\/v2\/pages"}],"about":[{"href":"https:\/\/hemp.humanitas360.org\/it\/wp-json\/wp\/v2\/types\/page"}],"author":[{"embeddable":true,"href":"https:\/\/hemp.humanitas360.org\/it\/wp-json\/wp\/v2\/users\/1"}],"replies":[{"embeddable":true,"href":"https:\/\/hemp.humanitas360.org\/it\/wp-json\/wp\/v2\/comments?post=491"}],"version-history":[{"count":8,"href":"https:\/\/hemp.humanitas360.org\/it\/wp-json\/wp\/v2\/pages\/491\/revisions"}],"predecessor-version":[{"id":714,"href":"https:\/\/hemp.humanitas360.org\/it\/wp-json\/wp\/v2\/pages\/491\/revisions\/714"}],"up":[{"embeddable":true,"href":"https:\/\/hemp.humanitas360.org\/it\/wp-json\/wp\/v2\/pages\/343"}],"wp:attachment":[{"href":"https:\/\/hemp.humanitas360.org\/it\/wp-json\/wp\/v2\/media?parent=491"}],"curies":[{"name":"parola chiave","href":"https:\/\/api.w.org\/{rel}","templated":true}]}}