{"id":470,"date":"2025-04-14T03:19:12","date_gmt":"2025-04-14T06:19:12","guid":{"rendered":"https:\/\/hemp.humanitas360.org\/?page_id=470"},"modified":"2025-04-15T17:02:06","modified_gmt":"2025-04-15T20:02:06","slug":"nemico-dellera-industriale","status":"publish","type":"page","link":"https:\/\/hemp.humanitas360.org\/it\/una-lunga-storia\/nemico-dellera-industriale\/","title":{"rendered":"La nemica dell\u2019era industriale"},"content":{"rendered":"<div id=\"fws_69f66536cb275\"  data-column-margin=\"default\" data-midnight=\"dark\"  class=\"wpb_row vc_row-fluid vc_row full-width-section\"  style=\"padding-top: 40px; padding-bottom: 0px; \"><div class=\"row-bg-wrap\" data-bg-animation=\"none\" data-bg-animation-delay=\"\" data-bg-overlay=\"true\"><div class=\"inner-wrap row-bg-layer\" ><div class=\"row-bg viewport-desktop\"  style=\"\"><\/div><\/div><div class=\"row-bg-overlay row-bg-layer\" style=\"background: #149792; background: linear-gradient(to bottom,#149792 0%,#e9fce6 100%);  opacity: 0.3; \"><\/div><\/div><div class=\"row_col_wrap_12 col span_12 dark left\">\n\t<div  class=\"vc_col-sm-12 wpb_column column_container vc_column_container col no-extra-padding inherit_tablet inherit_phone\"  data-padding-pos=\"all\" data-has-bg-color=\"false\" data-bg-color=\"\" data-bg-opacity=\"1\" data-animation=\"\" data-delay=\"0\" >\n\t\t<div class=\"vc_column-inner\" >\n\t\t\t<div class=\"wpb_wrapper\">\n\t\t\t\t<h1 style=\"font-size: 18px;color: #393a3a;line-height: 18px;text-align: left\" class=\"vc_custom_heading vc_do_custom_heading textobtn\" >La nemica dell\u2019era industriale<\/h1>\n<div class=\"wpb_text_column wpb_content_element  vc_custom_1744611612136\" >\n\t<div class=\"wpb_wrapper\">\n\t\t<h2><span style=\"color: #387035;\">Nel secolo XX, la cannabis \u00e8 caduta in rovina <\/span><\/h2>\n\t<\/div>\n<\/div>\n\n\n\n<div class=\"divider-wrap\" data-alignment=\"default\"><div style=\"margin-top: 20px; width: 20%; height: 3px; margin-bottom: 20px;\" data-width=\"20%\" data-animate=\"yes\" data-animation-delay=\"200\" data-color=\"accent-color\" class=\"divider-small-border\"><\/div><\/div>\n<div class=\"wpb_text_column wpb_content_element\" >\n\t<div class=\"wpb_wrapper\">\n\t\t<p><span style=\"font-weight: 400;\">Con l\u2019avvento della rivoluzione industriale, la cannabis ha perso spazio. La sua fibra dura non si prestava a essere addomesticata nella tessitura del cotone con i telai a vapore. Barche a motore facevano a meno di corde e vele, e a quel punto \u00e8 arrivato il petrolio \u2013 e le sostanze sintetiche hanno sostituito i biomateriali e i biofarmaci. Per completare, la cannabis psicoattiva \u00e8 stata vietata in tutti i paesi del mondo, complicando e burocratizzando la coltivazione della pianta.<\/span><\/p>\n\t<\/div>\n<\/div>\n\n\n\n<div class=\"img-with-aniamtion-wrap center\" data-max-width=\"100%\" data-max-width-mobile=\"default\" data-shadow=\"none\" data-animation=\"none\" >\n      <div class=\"inner\">\n        <div class=\"hover-wrap\"> \n          <div class=\"hover-wrap-inner\">\n            <a href=\"https:\/\/hemp.humanitas360.org\/wp-content\/uploads\/2025\/04\/Industry_during_the_First_World_War_Q54667.jpg\" aria-label=\"Piatto con piedistallo del popolo Jomon del Giappone (10.500-300 a.C.), una delle tradizioni ceramiche pi\u00f9 vivaci della storia. Le texture superficiali venivano realizzate avvolgendo corde di canapa attorno all&#039;argilla ancora morbida\" class=\"pp center\" title=\"Una operaia che carda la canapa in una fabbrica britannica durante la prima guerra mondiale. La cardatura \u00e8 un processo meccanico che districa, pulisce e mescola le fibre per produrre una rete o un nastro di fibre adatte alle fasi successive del processo tessile.\">\n              <img loading=\"lazy\" decoding=\"async\" class=\"img-with-animation skip-lazy\" data-delay=\"0\" height=\"377\" width=\"500\" data-animation=\"none\" src=\"https:\/\/hemp.humanitas360.org\/wp-content\/uploads\/2025\/04\/Industry_during_the_First_World_War_Q54667.jpg\" alt=\"Una operaia che carda la canapa in una fabbrica britannica durante la prima guerra mondiale. La cardatura \u00e8 un processo meccanico che districa, pulisce e mescola le fibre per produrre una rete o un nastro di fibre adatte alle fasi successive del processo tessile.\" srcset=\"https:\/\/hemp.humanitas360.org\/wp-content\/uploads\/2025\/04\/Industry_during_the_First_World_War_Q54667.jpg 500w, https:\/\/hemp.humanitas360.org\/wp-content\/uploads\/2025\/04\/Industry_during_the_First_World_War_Q54667-300x226.jpg 300w\" sizes=\"auto, (max-width: 500px) 100vw, 500px\" \/>\n            <\/a>\n          <\/div>\n        <\/div>\n      <\/div>\n      <\/div><p style=\"font-size: 16px;color: #387035;line-height: 1.2;text-align: left\" class=\"vc_custom_heading vc_do_custom_heading vc_custom_1744612179616\" >Una operaia che carda la canapa in una fabbrica britannica durante la prima guerra mondiale. La cardatura \u00e8 un processo meccanico che districa, pulisce e mescola le fibre per produrre una rete o un nastro di fibre adatte alle fasi successive del processo tessile.<\/p>\n<div class=\"wpb_text_column wpb_content_element\" >\n\t<div class=\"wpb_wrapper\">\n\t\t<p><span style=\"font-weight: 400;\">Una serie di sviluppi hanno alterato la relazione tra gli essere umani e la cannabis a partire dall\u2019inizio del secolo XIX. L\u2019invenzione delle macchine a vapore che hanno automatizzato il processamento della fibra di cotone e la sua tessitura hanno avuto delle conseguenze rivoluzionarie nel mondo, con un\u2019immensa ampliazione della produzione di tessuti. La canapa, troppo dura per essere processata e intrecciata nelle macchine, ha rapidamente perso mercato. Nello stesso tempo, l\u2019immediata diffusione delle navi a vapore ha avuto un effetto devastante sulle industrie di cordami e vele.<\/span><\/p>\n<p><span style=\"font-weight: 400;\">Ma l\u2019industria che ha davvero cambiato significativamente la storia dell\u2019umanit\u00e0 e il suo rapporto con le piante \u00e8 stata quella del petrolio. Sorta alla met\u00e0 del secolo XIX, l\u2019industria del petrolio si \u00e8 espansa notevolmente all\u2019inizio del secolo XX, quando si \u00e8 scoperto che era possibile utilizzare il petrolio per produrre quasi ogni cosa.<\/span><\/p>\n<p><span style=\"font-weight: 400;\">Sono di questo periodo le prime fibre sintetiche fatte di polimeri del petrolio. Le sostanze sintetiche, sviluppate in laboratorio a partire da molecole estratte dal petrolio, hanno trasformato anche l\u2019industria farmaceutica, che fino ad allora dipendeva quasi interamente dagli estratti delle piante.<\/span><\/p>\n<p><span style=\"font-weight: 400;\">Lungo il secolo XX, mentre l\u2019industrializzazione del mondo si accelerava, l\u2019umanit\u00e0 si \u00e8 poco a poco allontanata da materiali e principi attivi naturali alterando radicalmente il suo stile di vita. Adesso, con i cambiamenti climatici, risentiamo degli effetti di questa immensa trasformazione nell\u2019ambiente, nelle nostre comunit\u00e0 e nei nostri corpi.<\/span><\/p>\n<p><span style=\"font-weight: 400;\">Negli anni 1930, ha avuto inizio negli Stati Uniti un\u2019articolazione tra diversi settori sociali per ostacolare la produzione della canapa. Il bersaglio era soprattutto la variet\u00e0 psicoattiva, ovvero la marijuana, ma le restrizioni si sono estese fino alla canapa \u2013 in parte, secondo alcuni indizi, per 'influenza dell'industria petrolchimica americana, interessata all\u2019espansione del mercato delle fibre sintetiche.<\/span><\/p>\n<p><span style=\"font-weight: 400;\">Nei decenni successivi, tale proibizione si \u00e8 diffusa nel mondo, coinvolgendo molti paesi in un progetto di eradicazione della cannabis e d\u2019incarcerazione di tutti quelli che se ne occupavano, a cui convenzionalmente si d\u00e0 il nome di \u201cguerra alle droghe\u201d, una politica avviata negli anni 1970 e che \u00e8 giunta al suo apice negli anni 1990, quando la stragrande maggioranza delle applicazioni della cannabis era vietata in tutto il mondo.\u00a0<\/span><\/p>\n<p><span style=\"font-weight: 400;\">La principale conseguenza di questa politica \u00e8 stata l\u2019esplosione dei casi di incarcerazione di piccoli trafficanti, il che ha fomentato le fazioni criminali nate all\u2019interno delle carceri. Questo fatto non solo ha aumentato la criminalit\u00e0 nelle citt\u00e0, come fa s\u00ec che le organizzazioni criminali riescano oggi a estendere il loro potere all\u2019interno dello stato, attraverso la cooptazione di funzionari pubblici nelle polizie, nei parlamenti e perfino nei tribunali.<\/span><\/p>\n<p><span style=\"font-weight: 400;\">Impegnato nella difesa di politiche di risocializzazione di ex detenuti del sistema carcerario in Brasile, l\u2019Istituto Humanitas 360 cerca di promuovere una <\/span><a href=\"https:\/\/humanitas360.org\/decriminalization-of-cannabis-possession-brazils-supreme-court-brings-late-and-insufficient-progress-while-congress-prepares-setback\/\"><span style=\"font-weight: 400;\">discussione franca <\/span><\/a><span style=\"font-weight: 400;\">e aperta in merito alla politica di droghe nel paese e alle sue conseguenze, oltre a impegnarsi nel dibattito sulle applicazioni farmacologiche e industriali della cannabis.<\/span><\/p>\n\t<\/div>\n<\/div>\n\n\n\n\n\t\t\t<\/div> \n\t\t<\/div>\n\t<\/div> \n<\/div><\/div>\n\t\t<div id=\"fws_69f66536cbc42\"  data-column-margin=\"default\" data-midnight=\"dark\"  class=\"wpb_row vc_row-fluid vc_row\"  style=\"padding-top: 0px; padding-bottom: 0px; \"><div class=\"row-bg-wrap\" data-bg-animation=\"none\" data-bg-animation-delay=\"\" data-bg-overlay=\"false\"><div class=\"inner-wrap row-bg-layer\" ><div class=\"row-bg viewport-desktop\"  style=\"\"><\/div><\/div><\/div><div class=\"row_col_wrap_12 col span_12 dark left\">\n\t<div  class=\"vc_col-sm-12 wpb_column column_container vc_column_container col no-extra-padding inherit_tablet inherit_phone\"  data-padding-pos=\"all\" data-has-bg-color=\"false\" data-bg-color=\"\" data-bg-opacity=\"1\" data-animation=\"\" data-delay=\"0\" >\n\t\t<div class=\"vc_column-inner\" >\n\t\t\t<div class=\"wpb_wrapper\">\n\t\t\t\t\n<div class=\"wpb_text_column wpb_content_element  vc_custom_1744610643975\" >\n\t<div class=\"wpb_wrapper\">\n\t\t<h2><span style=\"color: #387035;\">Continua a leggere:<\/span><\/h2>\n\t<\/div>\n<\/div>\n\n\n\n<div style=\"font-size: 20px;color: #ffffff;line-height: 18px;text-align: left;font-family:neulis_medium;font-weight:400;font-style:normal\" class=\"vc_custom_heading vc_do_custom_heading titulobtn vc_custom_1744610908827\" ><a href=\"https:\/\/hemp.humanitas360.org\/it\/una-lunga-storia\/\" title=\"Una lunga storia\">Una lunga storia<\/a><\/div><div style=\"font-size: 20px;color: #ffffff;line-height: 18px;text-align: left;font-family:neulis_medium;font-weight:400;font-style:normal\" class=\"vc_custom_heading vc_do_custom_heading titulobtn vc_custom_1744610898025\" ><a href=\"https:\/\/hemp.humanitas360.org\/it\/costruire-con-la-canapa\/\" title=\"Una lunga storia\">Costruire con la canapa<\/a><\/div><div style=\"font-size: 20px;color: #ffffff;line-height: 18px;text-align: left;font-family:neulis_medium;font-weight:400;font-style:normal\" class=\"vc_custom_heading vc_do_custom_heading titulobtn vc_custom_1744610888308\" ><a href=\"https:\/\/hemp.humanitas360.org\/it\/un-materiale-per-lemergenza-climatica\/\" title=\"Una lunga storia\">Un materiale per l&#039;emergenza climatica<\/a><\/div><div style=\"font-size: 20px;color: #ffffff;line-height: 18px;text-align: left;font-family:neulis_medium;font-weight:400;font-style:normal\" class=\"vc_custom_heading vc_do_custom_heading titulobtn vc_custom_1744610880860\" ><a href=\"https:\/\/hemp.humanitas360.org\/it\/una-pianta-dai-mille-e-un-uso\/\" title=\"Una lunga storia\">Una pianta dai mille e uno usi<\/a><\/div>\n\t\t\t<\/div> \n\t\t<\/div>\n\t<\/div> \n<\/div><\/div>","protected":false},"excerpt":{"rendered":"Nemico dell&#039;era industriale Nel XX secolo la cannabis cadde in disgrazia. Con la rivoluzione industriale, la cannabis perse terreno. La sua fibra dura non si prestava ad essere addomesticata da...","protected":false},"author":1,"featured_media":0,"parent":21,"menu_order":0,"comment_status":"closed","ping_status":"closed","template":"template-no-footer.php","meta":{"footnotes":""},"class_list":["post-470","page","type-page","status-publish"],"_links":{"self":[{"href":"https:\/\/hemp.humanitas360.org\/it\/wp-json\/wp\/v2\/pages\/470","targetHints":{"allow":["GET"]}}],"collection":[{"href":"https:\/\/hemp.humanitas360.org\/it\/wp-json\/wp\/v2\/pages"}],"about":[{"href":"https:\/\/hemp.humanitas360.org\/it\/wp-json\/wp\/v2\/types\/page"}],"author":[{"embeddable":true,"href":"https:\/\/hemp.humanitas360.org\/it\/wp-json\/wp\/v2\/users\/1"}],"replies":[{"embeddable":true,"href":"https:\/\/hemp.humanitas360.org\/it\/wp-json\/wp\/v2\/comments?post=470"}],"version-history":[{"count":4,"href":"https:\/\/hemp.humanitas360.org\/it\/wp-json\/wp\/v2\/pages\/470\/revisions"}],"predecessor-version":[{"id":603,"href":"https:\/\/hemp.humanitas360.org\/it\/wp-json\/wp\/v2\/pages\/470\/revisions\/603"}],"up":[{"embeddable":true,"href":"https:\/\/hemp.humanitas360.org\/it\/wp-json\/wp\/v2\/pages\/21"}],"wp:attachment":[{"href":"https:\/\/hemp.humanitas360.org\/it\/wp-json\/wp\/v2\/media?parent=470"}],"curies":[{"name":"parola chiave","href":"https:\/\/api.w.org\/{rel}","templated":true}]}}