{"id":465,"date":"2025-04-14T03:10:10","date_gmt":"2025-04-14T06:10:10","guid":{"rendered":"https:\/\/hemp.humanitas360.org\/?page_id=465"},"modified":"2025-04-14T03:16:53","modified_gmt":"2025-04-14T06:16:53","slug":"la-pianta-che-ha-costruito-la-civilta","status":"publish","type":"page","link":"https:\/\/hemp.humanitas360.org\/it\/una-lunga-storia\/la-pianta-che-ha-costruito-la-civilta\/","title":{"rendered":"La pianta che ha costruito la civilt\u00e0"},"content":{"rendered":"<div id=\"fws_69f6656247873\"  data-column-margin=\"default\" data-midnight=\"dark\"  class=\"wpb_row vc_row-fluid vc_row full-width-section\"  style=\"padding-top: 40px; padding-bottom: 0px; \"><div class=\"row-bg-wrap\" data-bg-animation=\"none\" data-bg-animation-delay=\"\" data-bg-overlay=\"true\"><div class=\"inner-wrap row-bg-layer\" ><div class=\"row-bg viewport-desktop\"  style=\"\"><\/div><\/div><div class=\"row-bg-overlay row-bg-layer\" style=\"background: #149792; background: linear-gradient(to bottom,#149792 0%,#e9fce6 100%);  opacity: 0.3; \"><\/div><\/div><div class=\"row_col_wrap_12 col span_12 dark left\">\n\t<div  class=\"vc_col-sm-12 wpb_column column_container vc_column_container col no-extra-padding inherit_tablet inherit_phone\"  data-padding-pos=\"all\" data-has-bg-color=\"false\" data-bg-color=\"\" data-bg-opacity=\"1\" data-animation=\"\" data-delay=\"0\" >\n\t\t<div class=\"vc_column-inner\" >\n\t\t\t<div class=\"wpb_wrapper\">\n\t\t\t\t<h1 style=\"font-size: 18px;color: #393a3a;line-height: 18px;text-align: left\" class=\"vc_custom_heading vc_do_custom_heading textobtn\" >La pianta che ha costruito la civilt\u00e0<\/h1>\n<div class=\"wpb_text_column wpb_content_element  vc_custom_1744611044180\" >\n\t<div class=\"wpb_wrapper\">\n\t\t<h2><span style=\"color: #387035;\">Con le sue mille applicazioni, la cannabis ha plasmato il nostro mondo <\/span><\/h2>\n\t<\/div>\n<\/div>\n\n\n\n<div class=\"divider-wrap\" data-alignment=\"default\"><div style=\"margin-top: 20px; width: 20%; height: 3px; margin-bottom: 20px;\" data-width=\"20%\" data-animate=\"yes\" data-animation-delay=\"200\" data-color=\"accent-color\" class=\"divider-small-border\"><\/div><\/div>\n<div class=\"wpb_text_column wpb_content_element\" >\n\t<div class=\"wpb_wrapper\">\n\t\t<p><span style=\"font-weight: 400;\">Con la canapa sono stati prodotti i primi tipi di carta, che hanno dato origine ai primi documenti. Il suo fiore ha fornito medicine di notevole importanza nella farmacopea di diverse civilt\u00e0 antiche, dagli Egizi agli indiani, dai cinesi ai popoli mesopotamici. Di canapa sono la carta della Bibbia di Gutenberg, e quella della Dichiarazione di Indipendenza degli Stati Uniti, le vele delle Grandi navigazioni e tele del Rinascimento.<\/span><\/p>\n\t<\/div>\n<\/div>\n\n\n\n<div class=\"img-with-aniamtion-wrap center\" data-max-width=\"100%\" data-max-width-mobile=\"default\" data-shadow=\"none\" data-animation=\"none\" >\n      <div class=\"inner\">\n        <div class=\"hover-wrap\"> \n          <div class=\"hover-wrap-inner\">\n            <a href=\"https:\/\/hemp.humanitas360.org\/wp-content\/uploads\/2025\/04\/Sannai-Maruyama.jpg\" aria-label=\"Il papiro Ebers (circa 1550 a.C.) dell&#039;antico Egitto contiene una ricetta per la marijuana medicinale applicata direttamente sulle infiammazioni\" class=\"pp center\" title=\" Sito archeologico di Sannai-Maruyama ad Aomori, nel Giappone settentrionale, contenente le rovine di un grande insediamento del periodo J\u014dmon. Furono questi popoli i primi ad utilizzare la canapa nelle loro costruzioni, in un modo archeologicamente provato, pi\u00f9 di 6 mila anni fa\">\n              <img loading=\"lazy\" decoding=\"async\" class=\"img-with-animation skip-lazy\" data-delay=\"0\" height=\"333\" width=\"500\" data-animation=\"none\" src=\"https:\/\/hemp.humanitas360.org\/wp-content\/uploads\/2025\/04\/Sannai-Maruyama.jpg\" alt=\"Sito archeologico di Sannai-Maruyama ad Aomori, nel Giappone settentrionale, contenente le rovine di un grande insediamento del periodo J\u014dmon. Furono questi popoli i primi ad utilizzare la canapa nelle loro costruzioni, in un modo archeologicamente provato, pi\u00f9 di 6 mila anni fa\" srcset=\"https:\/\/hemp.humanitas360.org\/wp-content\/uploads\/2025\/04\/Sannai-Maruyama.jpg 500w, https:\/\/hemp.humanitas360.org\/wp-content\/uploads\/2025\/04\/Sannai-Maruyama-300x200.jpg 300w\" sizes=\"auto, (max-width: 500px) 100vw, 500px\" \/>\n            <\/a>\n          <\/div>\n        <\/div>\n      <\/div>\n      <\/div><p style=\"font-size: 16px;color: #387035;line-height: 1.2;text-align: left\" class=\"vc_custom_heading vc_do_custom_heading vc_custom_1744611213954\" > Sito archeologico di Sannai-Maruyama ad Aomori, nel Giappone settentrionale, contenente le rovine di un grande insediamento del periodo J\u014dmon. Furono questi popoli i primi ad utilizzare la canapa nelle loro costruzioni, in un modo archeologicamente provato, pi\u00f9 di 6 mila anni fa<\/p>\n<div class=\"wpb_text_column wpb_content_element\" >\n\t<div class=\"wpb_wrapper\">\n\t\t<p><span style=\"font-weight: 400;\">La quantit\u00e0 di applicazioni per la canapa scoperte dagli esseri umani nel corso dei millenni \u00e8 impressionante. Inizialmente nell\u2019Eurasia, quindi in Africa, e poi nelle Grandi navigazioni, la canapa ha avuto da sempre un ruolo centrale nelle pi\u00f9 diverse sfere della vita umana, dall\u2019edilizia alla medicina, dalla religione all\u2019industria.<\/span><\/p>\n<p><span style=\"font-weight: 400;\">In gran parte dell\u2019Asia, soprattutto nelle prossimit\u00e0 dell\u2019attuale Afghanistan, e del subcontinente indiano, gli esseri umani hanno selezionato la canapa innanzitutto  per le molecole presenti nei suoi fuori, con applicazioni nella medicina e nella spiritualit\u00e0. Tali piante sono di norma pi\u00f9 basse e ramificate, in modo da produrre pi\u00f9 fiori. Le loro fibre sono in generale corte, e non sono cos\u00ec adatte per la produzione di corde e tessuti. Tali variet\u00e0 di cannabis psicoattiva hanno avuto un ruolo notevole all\u2019origine della medicina e della religione di gran parte delle pi\u00f9 antiche civilt\u00e0 del mondo, come la Cina, l\u2019India, l\u2019Egitto e la Mesopotamia.<\/span><\/p>\n<p><span style=\"font-weight: 400;\">Ma tanto in Europa quanto nell\u2019Estremo Oriente, compresi la Cina e il Giappone, da millenni gli esseri umani selezionano la cannabis alla ricerca di fibre pi\u00f9 lunghe. In tali variet\u00e0 gli arbusti sono pi\u00f9 alti e snelli, e i fiori possiedono poco o quasi alcun effetto psicoattivo.  \u00c8 questa variet\u00e0 di canapa non psicoattiva, utile per ricavare materiale del fusto, che si conosce come canapa \u2013 lo stesso termine utilizzato per indicare la fibra che ne viene prodotta.<\/span><\/p>\n<p><span style=\"font-weight: 400;\">La canapa \u00e8 stata un materiale cruciale durante tutta la storia della civilt\u00e0. I primi tipi di carta sono stati prodotti con la sua biomassa da giapponesi e cinesi, e in seguito diffusi per mezzo degli arabi fino all\u2019Europa. I giapponesi facevano anche le loro abitazioni con carta di canapa. Diversi altri popoli lungo la storia hanno usato la pianta nell\u2019architettura \u2013 i Romani, ad esempio, mescolavano i trucioli del fusto nella malta per i ponti, e gli Egizi usavano corde e tele di cannabis per scolpire e trasportare le pietre delle Piramidi.<\/span><\/p>\n<p><span style=\"font-weight: 400;\">Per molto tempo, praticamente tutti i libri erano fatti di canapa. Come le tele dei capolavori della pittura \u2013 \u201ccanvas\u201d, termine che si usa tutt\u2019ora in inglese e in francese per indicare la tela da dipingere, e che risale alla parola latina indicante cannabis. La navigazione, che ha alterato il corso della storia dell\u2019umanit\u00e0, \u00e8 stata tutta fatta con corde e vele di canapa.<\/span><\/p>\n<p><span style=\"font-weight: 400;\">All\u2019inizio del secolo XX, la canapa era ancora \u2013 come lo \u00e8 sempre stata \u2013 una delle piante pi\u00f9 utili per l\u2019umanit\u00e0, essenziale come fonte di materiali e farmaci.<\/span><\/p>\n\t<\/div>\n<\/div>\n\n\n\n<div class=\"img-with-aniamtion-wrap center\" data-max-width=\"100%\" data-max-width-mobile=\"default\" data-shadow=\"none\" data-animation=\"none\" >\n      <div class=\"inner\">\n        <div class=\"hover-wrap\"> \n          <div class=\"hover-wrap-inner\">\n            <a href=\"https:\/\/hemp.humanitas360.org\/wp-content\/uploads\/2025\/04\/United_States_Declaration_Independence.jpg\" aria-label=\"Piatto con piedistallo del popolo Jomon del Giappone (10.500-300 a.C.), una delle tradizioni ceramiche pi\u00f9 vivaci della storia. Le texture superficiali venivano realizzate avvolgendo corde di canapa attorno all&#039;argilla ancora morbida\" class=\"pp center\" title=\"Dichiarazione di Indipendenza degli Stati Uniti, 1776, registrata su carta di canapa\">\n              <img loading=\"lazy\" decoding=\"async\" class=\"img-with-animation skip-lazy\" data-delay=\"0\" height=\"593\" width=\"500\" data-animation=\"none\" src=\"https:\/\/hemp.humanitas360.org\/wp-content\/uploads\/2025\/04\/United_States_Declaration_Independence.jpg\" alt=\"Dichiarazione di Indipendenza degli Stati Uniti, 1776, registrata su carta di canapa\" srcset=\"https:\/\/hemp.humanitas360.org\/wp-content\/uploads\/2025\/04\/United_States_Declaration_Independence.jpg 500w, https:\/\/hemp.humanitas360.org\/wp-content\/uploads\/2025\/04\/United_States_Declaration_Independence-253x300.jpg 253w\" sizes=\"auto, (max-width: 500px) 100vw, 500px\" \/>\n            <\/a>\n          <\/div>\n        <\/div>\n      <\/div>\n      <\/div><p style=\"font-size: 16px;color: #387035;line-height: 1.2;text-align: left\" class=\"vc_custom_heading vc_do_custom_heading vc_custom_1744611373006\" >Dichiarazione di Indipendenza degli Stati Uniti, 1776, redatta su carta di canapa<\/p>\n\t\t\t<\/div> \n\t\t<\/div>\n\t<\/div> \n<\/div><\/div>\n\t\t<div id=\"fws_69f6656248609\"  data-column-margin=\"default\" data-midnight=\"dark\"  class=\"wpb_row vc_row-fluid vc_row\"  style=\"padding-top: 0px; padding-bottom: 0px; \"><div class=\"row-bg-wrap\" data-bg-animation=\"none\" data-bg-animation-delay=\"\" data-bg-overlay=\"false\"><div class=\"inner-wrap row-bg-layer\" ><div class=\"row-bg viewport-desktop\"  style=\"\"><\/div><\/div><\/div><div class=\"row_col_wrap_12 col span_12 dark left\">\n\t<div  class=\"vc_col-sm-12 wpb_column column_container vc_column_container col no-extra-padding inherit_tablet inherit_phone\"  data-padding-pos=\"all\" data-has-bg-color=\"false\" data-bg-color=\"\" data-bg-opacity=\"1\" data-animation=\"\" data-delay=\"0\" >\n\t\t<div class=\"vc_column-inner\" >\n\t\t\t<div class=\"wpb_wrapper\">\n\t\t\t\t\n<div class=\"wpb_text_column wpb_content_element  vc_custom_1744610643975\" >\n\t<div class=\"wpb_wrapper\">\n\t\t<h2><span style=\"color: #387035;\">Continua a leggere:<\/span><\/h2>\n\t<\/div>\n<\/div>\n\n\n\n<div style=\"font-size: 20px;color: #ffffff;line-height: 18px;text-align: left;font-family:neulis_medium;font-weight:400;font-style:normal\" class=\"vc_custom_heading vc_do_custom_heading titulobtn vc_custom_1744610908827\" ><a href=\"https:\/\/hemp.humanitas360.org\/it\/una-lunga-storia\/\" title=\"Una lunga storia\">Una lunga storia<\/a><\/div><div style=\"font-size: 20px;color: #ffffff;line-height: 18px;text-align: left;font-family:neulis_medium;font-weight:400;font-style:normal\" class=\"vc_custom_heading vc_do_custom_heading titulobtn vc_custom_1744610898025\" ><a href=\"https:\/\/hemp.humanitas360.org\/it\/costruire-con-la-canapa\/\" title=\"Una lunga storia\">Costruire con la canapa<\/a><\/div><div style=\"font-size: 20px;color: #ffffff;line-height: 18px;text-align: left;font-family:neulis_medium;font-weight:400;font-style:normal\" class=\"vc_custom_heading vc_do_custom_heading titulobtn vc_custom_1744610888308\" ><a href=\"https:\/\/hemp.humanitas360.org\/it\/un-materiale-per-lemergenza-climatica\/\" title=\"Una lunga storia\">Un materiale per l&#039;emergenza climatica<\/a><\/div><div style=\"font-size: 20px;color: #ffffff;line-height: 18px;text-align: left;font-family:neulis_medium;font-weight:400;font-style:normal\" class=\"vc_custom_heading vc_do_custom_heading titulobtn vc_custom_1744610880860\" ><a href=\"https:\/\/hemp.humanitas360.org\/it\/una-pianta-dai-mille-e-un-uso\/\" title=\"Una lunga storia\">Una pianta dai mille e uno usi<\/a><\/div>\n\t\t\t<\/div> \n\t\t<\/div>\n\t<\/div> \n<\/div><\/div>","protected":false},"excerpt":{"rendered":"La pianta che ha costruito la civilt\u00e0 Con i suoi mille usi, la cannabis ha plasmato il nostro mondo. Con esso vennero redatti i primi documenti, che diedero origine ai primi atti. Il tuo fiore...","protected":false},"author":1,"featured_media":0,"parent":21,"menu_order":0,"comment_status":"closed","ping_status":"closed","template":"template-no-footer.php","meta":{"footnotes":""},"class_list":["post-465","page","type-page","status-publish"],"_links":{"self":[{"href":"https:\/\/hemp.humanitas360.org\/it\/wp-json\/wp\/v2\/pages\/465","targetHints":{"allow":["GET"]}}],"collection":[{"href":"https:\/\/hemp.humanitas360.org\/it\/wp-json\/wp\/v2\/pages"}],"about":[{"href":"https:\/\/hemp.humanitas360.org\/it\/wp-json\/wp\/v2\/types\/page"}],"author":[{"embeddable":true,"href":"https:\/\/hemp.humanitas360.org\/it\/wp-json\/wp\/v2\/users\/1"}],"replies":[{"embeddable":true,"href":"https:\/\/hemp.humanitas360.org\/it\/wp-json\/wp\/v2\/comments?post=465"}],"version-history":[{"count":1,"href":"https:\/\/hemp.humanitas360.org\/it\/wp-json\/wp\/v2\/pages\/465\/revisions"}],"predecessor-version":[{"id":468,"href":"https:\/\/hemp.humanitas360.org\/it\/wp-json\/wp\/v2\/pages\/465\/revisions\/468"}],"up":[{"embeddable":true,"href":"https:\/\/hemp.humanitas360.org\/it\/wp-json\/wp\/v2\/pages\/21"}],"wp:attachment":[{"href":"https:\/\/hemp.humanitas360.org\/it\/wp-json\/wp\/v2\/media?parent=465"}],"curies":[{"name":"parola chiave","href":"https:\/\/api.w.org\/{rel}","templated":true}]}}