{"id":402,"date":"2025-04-14T01:01:31","date_gmt":"2025-04-14T04:01:31","guid":{"rendered":"https:\/\/hemp.humanitas360.org\/?page_id=402"},"modified":"2025-04-17T16:09:47","modified_gmt":"2025-04-17T19:09:47","slug":"la-pianta-e-il-primate","status":"publish","type":"page","link":"https:\/\/hemp.humanitas360.org\/it\/una-lunga-storia\/la-pianta-e-il-primate\/","title":{"rendered":"La pianta e i primati"},"content":{"rendered":"<div id=\"fws_69f6659b2b8a4\"  data-column-margin=\"default\" data-midnight=\"dark\"  class=\"wpb_row vc_row-fluid vc_row full-width-section\"  style=\"padding-top: 40px; padding-bottom: 0px; \"><div class=\"row-bg-wrap\" data-bg-animation=\"none\" data-bg-animation-delay=\"\" data-bg-overlay=\"true\"><div class=\"inner-wrap row-bg-layer\" ><div class=\"row-bg viewport-desktop\"  style=\"\"><\/div><\/div><div class=\"row-bg-overlay row-bg-layer\" style=\"background: #149792; background: linear-gradient(to bottom,#149792 0%,#e9fce6 100%);  opacity: 0.3; \"><\/div><\/div><div class=\"row_col_wrap_12 col span_12 dark left\">\n\t<div  class=\"vc_col-sm-12 wpb_column column_container vc_column_container col no-extra-padding inherit_tablet inherit_phone\"  data-padding-pos=\"all\" data-has-bg-color=\"false\" data-bg-color=\"\" data-bg-opacity=\"1\" data-animation=\"\" data-delay=\"0\" >\n\t\t<div class=\"vc_column-inner\" >\n\t\t\t<div class=\"wpb_wrapper\">\n\t\t\t\t<h1 style=\"font-size: 18px;color: #393a3a;line-height: 18px;text-align: left\" class=\"vc_custom_heading vc_do_custom_heading textobtn\" >La pianta e i primati<\/h1>\n<div class=\"wpb_text_column wpb_content_element  vc_custom_1744610627842\" >\n\t<div class=\"wpb_wrapper\">\n\t\t<h2><span style=\"color: #387035;\">Cannabis e sapiens, due specie compagne<\/span><\/h2>\n\t<\/div>\n<\/div>\n\n\n\n<div class=\"divider-wrap\" data-alignment=\"default\"><div style=\"margin-top: 20px; width: 20%; height: 3px; margin-bottom: 20px;\" data-width=\"20%\" data-animate=\"yes\" data-animation-delay=\"200\" data-color=\"accent-color\" class=\"divider-small-border\"><\/div><\/div>\n<div class=\"wpb_text_column wpb_content_element\" >\n\t<div class=\"wpb_wrapper\">\n\t\t<p><b>\u00a0<\/b><span style=\"font-weight: 400;\">Fin dalla preistoria, la cannabis cresce nelle prossimit\u00e0 delle comunit\u00e0 umane, attirata sia dai nutrienti sparsi dall\u2019uomo, sia dalla luce del sole che entra nelle radure aperte. Con tanto cibo ed energia, la cannabis cresce a una velocit\u00e0 sstraordinaria, molti metri in pochi mesi, per mezzo di lunghissime fibre molto resistenti che ne formano il fusto. Tali fibre \u2013  la canapa \u2013 sono state rivoluzionarie per le societ\u00e0 umane 10 mila anni fa.<\/span><\/p>\n\t<\/div>\n<\/div>\n\n\n\n<div class=\"img-with-aniamtion-wrap center\" data-max-width=\"100%\" data-max-width-mobile=\"default\" data-shadow=\"none\" data-animation=\"none\" >\n      <div class=\"inner\">\n        <div class=\"hover-wrap\"> \n          <div class=\"hover-wrap-inner\">\n            <a href=\"https:\/\/hemp.humanitas360.org\/wp-content\/uploads\/2025\/04\/papelAmarelo.webp\" aria-label=\"Il papiro Ebers (circa 1550 a.C.) dell&#039;antico Egitto contiene una ricetta per la marijuana medicinale applicata direttamente sulle infiammazioni\" class=\"pp center\" title=\"Il papiro Ebers (circa 1550 a.C.) dell&#039;antico Egitto contiene una ricetta per la marijuana medicinale applicata direttamente sulle infiammazioni\">\n              <img loading=\"lazy\" decoding=\"async\" class=\"img-with-animation skip-lazy\" data-delay=\"0\" height=\"623\" width=\"600\" data-animation=\"none\" src=\"https:\/\/hemp.humanitas360.org\/wp-content\/uploads\/2025\/04\/papelAmarelo.webp\" alt=\"Il papiro Ebers (circa 1550 a.C.) dell&#039;antico Egitto contiene una ricetta per la marijuana medicinale applicata direttamente sulle infiammazioni\" srcset=\"https:\/\/hemp.humanitas360.org\/wp-content\/uploads\/2025\/04\/papelAmarelo.webp 600w, https:\/\/hemp.humanitas360.org\/wp-content\/uploads\/2025\/04\/papelAmarelo-289x300.webp 289w\" sizes=\"auto, (max-width: 600px) 100vw, 600px\" \/>\n            <\/a>\n          <\/div>\n        <\/div>\n      <\/div>\n      <\/div><p style=\"font-size: 16px;color: #387035;line-height: 1.2;text-align: left\" class=\"vc_custom_heading vc_do_custom_heading vc_custom_1744609919768\" >Il papiro Ebers (circa 1550 a.C.) dell'antico Egitto contiene una ricetta per la marijuana medicinale applicata direttamente sulle infiammazioni<\/p>\n<div class=\"wpb_text_column wpb_content_element\" >\n\t<div class=\"wpb_wrapper\">\n\t\t<p><span style=\"font-weight: 400;\">La cannabis \u00e8 un\u2019inseguitrice di insediamenti \u2013 una pianta che da tempi immemori germina intorno ai gruppi umani, in una regione gigantesca che si estendeva originariamente dall\u2019est dell\u2019Europa fino all\u2019estremo Oriente. Alla cannabis piace la nostra presenza poich\u00e9 \u00e8 una pianta eliofila: ama il sole, e noi tendiamo ad aprire radure nei boschi. Per non parlare dei molti nutrienti che spargiamo con i nostri rifiuti, cosa che la cannabis adora.<\/span><\/p>\n<p><span style=\"font-weight: 400;\">In tali condizioni, la cannabis cresce a una velocit\u00e0 mirabile: pu\u00f2 superare i tre metri in soli sei mesi. Il suo fusto, molto verticale, \u00e8 fatto di lunghe fibre di grande resistenza. Se qualcuno ne taglia il fusto e vi batte con un sasso, massaggiandone poi le fibre con le mani finch\u00e9 non diventeranno flessibili, si produce facilmente un materiale molto utile: la fibra di canapa.<\/span><\/p>\n<p><span style=\"font-weight: 400;\">\u00c8 possibile intrecciare tali fibre per farne cordoni, corde, fili, redi, e qualsiasi tipo di struttura flessibile e altrettanto resistente. Questo materiale ha avuto un ruolo rivoluzionario nella storia umana. Ha permesso che i nostri ancestrali cominciassero a produrre un\u2019infinit\u00e0 di tessuti, vestiti, adorni e oggetti dalle pi\u00f9 diverse applicazioni. Alcuni dei primi barattoli e delle prime brocche di ceramica del mondo sono stati fatti di argilla e avvolti con fili di canapa, perch\u00e9 si asciugassero in modo strutturato. Tali fili sono stati molto utili anche nella domesticazione dei primi animali, in particolare del cavallo, che richiedeva la bardatura, le redini e le staffe. Erano di canapa i primi fili e le prime reti da pesca, cos\u00ec come i primi tipi di carta da scrivere, il cordame e le vele per le barche.<\/span><\/p>\n<p><span style=\"font-weight: 400;\">E, immersa nell\u2019argilla, la fibra di canapa fornisce una struttura cruciale per ergere muri fatti di terra. Questo uso della canapa \u00e8 stato fondamentale perch\u00e9, sin dalla fine dell\u2019ultima era glaciale, 11 mila anni fa, le comunit\u00e0 umane cominciassero a insediarsi in case, e a costituire prima i villaggi, e in seguito le citt\u00e0. La canapa \u00e8 parte dell\u2019origine dell\u2019architettura, come del suo futuro.<\/span><\/p>\n\t<\/div>\n<\/div>\n\n\n\n<div class=\"img-with-aniamtion-wrap center\" data-max-width=\"100%\" data-max-width-mobile=\"default\" data-shadow=\"none\" data-animation=\"none\" >\n      <div class=\"inner\">\n        <div class=\"hover-wrap\"> \n          <div class=\"hover-wrap-inner\">\n            <a href=\"https:\/\/hemp.humanitas360.org\/wp-content\/uploads\/2025\/04\/vaso.jpg\" aria-label=\"Piatto con piedistallo del popolo Jomon del Giappone (10.500-300 a.C.), una delle tradizioni ceramiche pi\u00f9 vivaci della storia. Le texture superficiali venivano realizzate avvolgendo corde di canapa attorno all&#039;argilla ancora morbida\" class=\"pp center\" title=\"\">\n              <img loading=\"lazy\" decoding=\"async\" class=\"img-with-animation skip-lazy\" data-delay=\"0\" height=\"485\" width=\"700\" data-animation=\"none\" src=\"https:\/\/hemp.humanitas360.org\/wp-content\/uploads\/2025\/04\/vaso.jpg\" alt=\"\" srcset=\"https:\/\/hemp.humanitas360.org\/wp-content\/uploads\/2025\/04\/vaso.jpg 700w, https:\/\/hemp.humanitas360.org\/wp-content\/uploads\/2025\/04\/vaso-300x208.jpg 300w, https:\/\/hemp.humanitas360.org\/wp-content\/uploads\/2025\/04\/vaso-18x12.jpg 18w\" sizes=\"auto, (max-width: 700px) 100vw, 700px\" \/>\n            <\/a>\n          <\/div>\n        <\/div>\n      <\/div>\n      <\/div><p style=\"font-size: 16px;color: #387035;line-height: 1.2;text-align: left\" class=\"vc_custom_heading vc_do_custom_heading vc_custom_1744610295299\" >Piatto con piedistallo del popolo Jomon del Giappone (10.500-300 a.C.), una delle tradizioni ceramiche pi\u00f9 vivaci della storia. Le texture superficiali venivano realizzate avvolgendo corde di canapa attorno all'argilla ancora morbida<\/p>\n\t\t\t<\/div> \n\t\t<\/div>\n\t<\/div> \n<\/div><\/div>\n\t\t<div id=\"fws_69f6659b2debc\"  data-column-margin=\"default\" data-midnight=\"dark\"  class=\"wpb_row vc_row-fluid vc_row\"  style=\"padding-top: 0px; padding-bottom: 0px; \"><div class=\"row-bg-wrap\" data-bg-animation=\"none\" data-bg-animation-delay=\"\" data-bg-overlay=\"false\"><div class=\"inner-wrap row-bg-layer\" ><div class=\"row-bg viewport-desktop\"  style=\"\"><\/div><\/div><\/div><div class=\"row_col_wrap_12 col span_12 dark left\">\n\t<div  class=\"vc_col-sm-12 wpb_column column_container vc_column_container col no-extra-padding inherit_tablet inherit_phone\"  data-padding-pos=\"all\" data-has-bg-color=\"false\" data-bg-color=\"\" data-bg-opacity=\"1\" data-animation=\"\" data-delay=\"0\" >\n\t\t<div class=\"vc_column-inner\" >\n\t\t\t<div class=\"wpb_wrapper\">\n\t\t\t\t\n<div class=\"wpb_text_column wpb_content_element  vc_custom_1744610643975\" >\n\t<div class=\"wpb_wrapper\">\n\t\t<h2><span style=\"color: #387035;\">Continua a leggere:<\/span><\/h2>\n\t<\/div>\n<\/div>\n\n\n\n<div style=\"font-size: 20px;color: #ffffff;line-height: 18px;text-align: left;font-family:neulis_medium;font-weight:400;font-style:normal\" class=\"vc_custom_heading vc_do_custom_heading titulobtn vc_custom_1744610908827\" ><a href=\"https:\/\/hemp.humanitas360.org\/it\/una-lunga-storia\/\" title=\"Una lunga storia\">Una lunga storia<\/a><\/div><div style=\"font-size: 20px;color: #ffffff;line-height: 18px;text-align: left;font-family:neulis_medium;font-weight:400;font-style:normal\" class=\"vc_custom_heading vc_do_custom_heading titulobtn vc_custom_1744610898025\" ><a href=\"https:\/\/hemp.humanitas360.org\/it\/costruire-con-la-canapa\/\" title=\"Una lunga storia\">Costruire con la canapa<\/a><\/div><div style=\"font-size: 20px;color: #ffffff;line-height: 18px;text-align: left;font-family:neulis_medium;font-weight:400;font-style:normal\" class=\"vc_custom_heading vc_do_custom_heading titulobtn vc_custom_1744610888308\" ><a href=\"https:\/\/hemp.humanitas360.org\/it\/un-materiale-per-lemergenza-climatica\/\" title=\"Una lunga storia\">Un materiale per l&#039;emergenza climatica<\/a><\/div><div style=\"font-size: 20px;color: #ffffff;line-height: 18px;text-align: left;font-family:neulis_medium;font-weight:400;font-style:normal\" class=\"vc_custom_heading vc_do_custom_heading titulobtn vc_custom_1744610880860\" ><a href=\"https:\/\/hemp.humanitas360.org\/it\/una-pianta-dai-mille-e-un-uso\/\" title=\"Una lunga storia\">Una pianta dai mille e uno usi<\/a><\/div>\n\t\t\t<\/div> \n\t\t<\/div>\n\t<\/div> \n<\/div><\/div>","protected":false},"excerpt":{"rendered":"La pianta e il primate Cannabis e sapiens, due specie compagne Fin dalla preistoria, la cannabis \u00e8 cresciuta attorno alle comunit\u00e0 umane, attratta dalla quantit\u00e0 di nutrienti che diffondevamo e dalla...","protected":false},"author":1,"featured_media":0,"parent":21,"menu_order":0,"comment_status":"closed","ping_status":"closed","template":"template-no-footer.php","meta":{"footnotes":""},"class_list":["post-402","page","type-page","status-publish"],"_links":{"self":[{"href":"https:\/\/hemp.humanitas360.org\/it\/wp-json\/wp\/v2\/pages\/402","targetHints":{"allow":["GET"]}}],"collection":[{"href":"https:\/\/hemp.humanitas360.org\/it\/wp-json\/wp\/v2\/pages"}],"about":[{"href":"https:\/\/hemp.humanitas360.org\/it\/wp-json\/wp\/v2\/types\/page"}],"author":[{"embeddable":true,"href":"https:\/\/hemp.humanitas360.org\/it\/wp-json\/wp\/v2\/users\/1"}],"replies":[{"embeddable":true,"href":"https:\/\/hemp.humanitas360.org\/it\/wp-json\/wp\/v2\/comments?post=402"}],"version-history":[{"count":46,"href":"https:\/\/hemp.humanitas360.org\/it\/wp-json\/wp\/v2\/pages\/402\/revisions"}],"predecessor-version":[{"id":704,"href":"https:\/\/hemp.humanitas360.org\/it\/wp-json\/wp\/v2\/pages\/402\/revisions\/704"}],"up":[{"embeddable":true,"href":"https:\/\/hemp.humanitas360.org\/it\/wp-json\/wp\/v2\/pages\/21"}],"wp:attachment":[{"href":"https:\/\/hemp.humanitas360.org\/it\/wp-json\/wp\/v2\/media?parent=402"}],"curies":[{"name":"parola chiave","href":"https:\/\/api.w.org\/{rel}","templated":true}]}}