{"id":343,"date":"2025-04-13T22:45:00","date_gmt":"2025-04-14T01:45:00","guid":{"rendered":"https:\/\/hemp.humanitas360.org\/?page_id=343"},"modified":"2025-04-16T21:05:14","modified_gmt":"2025-04-17T00:05:14","slug":"costruire-con-la-canapa","status":"publish","type":"page","link":"https:\/\/hemp.humanitas360.org\/it\/costruire-con-la-canapa\/","title":{"rendered":"Costruire con la canapa"},"content":{"rendered":"<div id=\"fws_69f650135e7d0\"  data-column-margin=\"default\" data-midnight=\"dark\"  class=\"wpb_row vc_row-fluid vc_row  top_margin_20px bottom_margin_8px\"  style=\"padding-top: 0px; padding-bottom: 0px; \"><div class=\"row-bg-wrap\" data-bg-animation=\"none\" data-bg-animation-delay=\"\" data-bg-overlay=\"false\"><div class=\"inner-wrap row-bg-layer\" ><div class=\"row-bg viewport-desktop\"  style=\"\"><\/div><\/div><\/div><div class=\"row_col_wrap_12 col span_12 dark left\">\n\t<div  class=\"vc_col-sm-12 wpb_column column_container vc_column_container col no-extra-padding inherit_tablet inherit_phone\"  data-padding-pos=\"all\" data-has-bg-color=\"false\" data-bg-color=\"\" data-bg-opacity=\"1\" data-animation=\"\" data-delay=\"0\" >\n\t\t<div class=\"vc_column-inner\" >\n\t\t\t<div class=\"wpb_wrapper\">\n\t\t\t\t<div style=\"font-size: 28px;color: #ffffff;line-height: 30px;text-align: left;font-family:neulis_medium;font-weight:400;font-style:normal\" class=\"vc_custom_heading vc_do_custom_heading titulobtn vc_custom_1744595542783\" >Costruire con<\/div><div style=\"font-size: 28px;color: #ffffff;line-height: 30px;text-align: left;font-family:neulis_medium;font-weight:400;font-style:normal\" class=\"vc_custom_heading vc_do_custom_heading titulobtn vc_custom_1744595535835\" >la canapa<\/div><h6 style=\"font-size: 18px;color: #393a3a;line-height: 18px;text-align: left\" class=\"vc_custom_heading vc_do_custom_heading textobtn\" >Scopri il materiale<\/h6>\n\t\t\t<\/div> \n\t\t<\/div>\n\t<\/div> \n<\/div><\/div>\n\t\t<div id=\"fws_69f650135ec71\"  data-column-margin=\"default\" data-midnight=\"dark\"  class=\"wpb_row vc_row-fluid vc_row\"  style=\"padding-top: 0px; padding-bottom: 0px; \"><div class=\"row-bg-wrap\" data-bg-animation=\"none\" data-bg-animation-delay=\"\" data-bg-overlay=\"false\"><div class=\"inner-wrap row-bg-layer\" ><div class=\"row-bg viewport-desktop\"  style=\"\"><\/div><\/div><\/div><div class=\"row_col_wrap_12 col span_12 dark left\">\n\t<div  class=\"vc_col-sm-12 wpb_column column_container vc_column_container col no-extra-padding inherit_tablet inherit_phone\"  data-padding-pos=\"all\" data-has-bg-color=\"false\" data-bg-color=\"\" data-bg-opacity=\"1\" data-animation=\"\" data-delay=\"0\" >\n\t\t<div class=\"vc_column-inner\" >\n\t\t\t<div class=\"wpb_wrapper\">\n\t\t\t\t\n<div class=\"wpb_text_column wpb_content_element  vc_custom_1744595194911\" >\n\t<div class=\"wpb_wrapper\">\n\t\t<h2>La canapa \u00e8 la fibra della pianta della cannabis.<\/h2>\n\t<\/div>\n<\/div>\n\n\n\n\n<div class=\"wpb_text_column wpb_content_element\" >\n\t<div class=\"wpb_wrapper\">\n\t\t<p><span style=\"font-weight: 400;\">\u00c8 anche il nome che si d\u00e0 alla stessa pianta quando priva di THC, la molecola che provoca effetti psicoattivi (o quando ne possiede ma in quantit\u00e0 insignificanti, sotto lo 0,3%). I trucioli del fusto della canapa, conosciuti come hurds o come shivs, sono il principale ingrediente della pianta usata nella costruzione. Con essi si produce l\u2019hempcrete \u2013 il calcestruzzo di canapa.<\/span><\/p>\n\t<\/div>\n<\/div>\n\n\n\n\n\t\t\t<\/div> \n\t\t<\/div>\n\t<\/div> \n<\/div><\/div>\n\t\t<div id=\"fws_69f650135ee54\"  data-column-margin=\"default\" data-midnight=\"dark\"  class=\"wpb_row vc_row-fluid vc_row  bottom_margin_-4px right_padding_4pct\"  style=\"padding-top: 0px; padding-bottom: 0px; \"><div class=\"row-bg-wrap\" data-bg-animation=\"none\" data-bg-animation-delay=\"\" data-bg-overlay=\"false\"><div class=\"inner-wrap row-bg-layer\" ><div class=\"row-bg viewport-desktop\"  style=\"\"><\/div><\/div><\/div><div class=\"row_col_wrap_12 col span_12 dark left\">\n\t<div style=\"\" class=\"vc_col-sm-12 wpb_column column_container vc_column_container col padding-1-percent column_element_direction_desktop_horizontal inherit_tablet inherit_phone\" data-using-bg=\"true\" data-shadow=\"medium_depth\" data-border-animation=\"\" data-border-animation-delay=\"\" data-border-width=\"4px\" data-border-style=\"solid\" data-border-color=\"#149792\" data-padding-pos=\"right\" data-has-bg-color=\"true\" data-bg-color=\"#ffffff\" data-bg-opacity=\"1\" data-animation=\"\" data-delay=\"0\" >\n\t\t<div class=\"vc_column-inner\" style=\"border: 4px solid rgba(255,255,255,0); \"><a class=\"column-link\" target=\"_self\" href=\"https:\/\/hemp.humanitas360.org\/it\/costruire-con-la-canapa\/cose-il-canapa\/\"><span class=\"screen-reader-text\">Che cos\u2019\u00e8 l\u2019Hempcrete?<\/span><\/a><span class=\"border-wrap\" style=\"border-color: #149792;\"><span class=\"border-top\"><\/span><span class=\"border-right\"><\/span><span class=\"border-bottom\"><\/span><span class=\"border-left\"><\/span><\/span><div class=\"column-bg-overlay-wrap column-bg-layer\" data-bg-animation=\"none\"><div class=\"column-bg-overlay\" style=\"opacity: 1; background-color: #ffffff;\"><\/div><\/div>\n\t\t\t<div class=\"wpb_wrapper\">\n\t\t\t\t\n<div class=\"wpb_text_column wpb_content_element  vc_custom_1744595963484 MenuInterno\" >\n\t<div class=\"wpb_wrapper\">\n\t\t<h3 style=\"margin-bottom: 1px;\"><span style=\"font-weight: 400; color: #149792;\"> Che cos\u2019\u00e8 l\u2019Hempcrete?<\/span><\/h3>\n<h5>Trucioli di canapa + calce + acqua<\/h5>\n\t<\/div>\n<\/div>\n\n\n\n\n\t\t\t<\/div> \n\t\t<\/div>\n\t<\/div> \n<\/div><\/div>\n\t\t<div id=\"fws_69f650135efde\"  data-column-margin=\"default\" data-midnight=\"dark\"  class=\"wpb_row vc_row-fluid vc_row  bottom_margin_-4px right_padding_2pct\"  style=\"padding-top: 0px; padding-bottom: 0px; \"><div class=\"row-bg-wrap\" data-bg-animation=\"none\" data-bg-animation-delay=\"\" data-bg-overlay=\"false\"><div class=\"inner-wrap row-bg-layer\" ><div class=\"row-bg viewport-desktop\"  style=\"\"><\/div><\/div><\/div><div class=\"row_col_wrap_12 col span_12 dark left\">\n\t<div style=\"\" class=\"vc_col-sm-12 wpb_column column_container vc_column_container col padding-1-percent column_element_direction_desktop_horizontal inherit_tablet inherit_phone\" data-using-bg=\"true\" data-shadow=\"medium_depth\" data-border-animation=\"\" data-border-animation-delay=\"\" data-border-width=\"4px\" data-border-style=\"solid\" data-border-color=\"#149792\" data-padding-pos=\"right\" data-has-bg-color=\"true\" data-bg-color=\"#ffffff\" data-bg-opacity=\"1\" data-animation=\"\" data-delay=\"0\" >\n\t\t<div class=\"vc_column-inner\" style=\"border: 4px solid rgba(255,255,255,0); \"><a class=\"column-link\" target=\"_self\" href=\"https:\/\/hemp.humanitas360.org\/it\/costruire-con-la-canapa\/gli-attributi-del-materiale\/\"><span class=\"screen-reader-text\">Le caratteristiche del materiale<\/span><\/a><span class=\"border-wrap\" style=\"border-color: #149792;\"><span class=\"border-top\"><\/span><span class=\"border-right\"><\/span><span class=\"border-bottom\"><\/span><span class=\"border-left\"><\/span><\/span><div class=\"column-bg-overlay-wrap column-bg-layer\" data-bg-animation=\"none\"><div class=\"column-bg-overlay\" style=\"opacity: 1; background-color: #ffffff;\"><\/div><\/div>\n\t\t\t<div class=\"wpb_wrapper\">\n\t\t\t\t\n<div class=\"wpb_text_column wpb_content_element  vc_custom_1744596177215 MenuInterno\" >\n\t<div class=\"wpb_wrapper\">\n\t\t<h3 style=\"margin-bottom: 1px;\"><span style=\"font-weight: 400; color: #149792;\"> Le caratteristiche del materiale<\/span><\/h3>\n<h5>Pratico, versatile, termico, piacevole<\/h5>\n\t<\/div>\n<\/div>\n\n\n\n\n\t\t\t<\/div> \n\t\t<\/div>\n\t<\/div> \n<\/div><\/div>\n\t\t<div id=\"fws_69f650135f146\"  data-column-margin=\"default\" data-midnight=\"dark\"  class=\"wpb_row vc_row-fluid vc_row widthboxmenu bottom_margin_8pct right_padding_3pct\"  style=\"padding-top: 0px; padding-bottom: 0px; \"><div class=\"row-bg-wrap\" data-bg-animation=\"none\" data-bg-animation-delay=\"\" data-bg-overlay=\"false\"><div class=\"inner-wrap row-bg-layer\" ><div class=\"row-bg viewport-desktop\"  style=\"\"><\/div><\/div><\/div><div class=\"row_col_wrap_12 col span_12 dark left\">\n\t<div style=\"\" class=\"vc_col-sm-12 wpb_column column_container vc_column_container col padding-1-percent column_element_direction_desktop_horizontal inherit_tablet inherit_phone\" data-using-bg=\"true\" data-shadow=\"medium_depth\" data-border-animation=\"\" data-border-animation-delay=\"\" data-border-width=\"4px\" data-border-style=\"solid\" data-border-color=\"#149792\" data-padding-pos=\"right\" data-has-bg-color=\"true\" data-bg-color=\"#ffffff\" data-bg-opacity=\"1\" data-animation=\"\" data-delay=\"0\" >\n\t\t<div class=\"vc_column-inner\" style=\"border: 4px solid rgba(255,255,255,0); \"><a class=\"column-link\" target=\"_self\" href=\"https:\/\/hemp.humanitas360.org\/it\/costruire-con-la-canapa\/architettura-della-canapa\/\"><span class=\"screen-reader-text\">Architettura con la canapa<\/span><\/a><span class=\"border-wrap\" style=\"border-color: #149792;\"><span class=\"border-top\"><\/span><span class=\"border-right\"><\/span><span class=\"border-bottom\"><\/span><span class=\"border-left\"><\/span><\/span><div class=\"column-bg-overlay-wrap column-bg-layer\" data-bg-animation=\"none\"><div class=\"column-bg-overlay\" style=\"opacity: 1; background-color: #ffffff;\"><\/div><\/div>\n\t\t\t<div class=\"wpb_wrapper\">\n\t\t\t\t\n<div class=\"wpb_text_column wpb_content_element  vc_custom_1744596480107 MenuInterno\" >\n\t<div class=\"wpb_wrapper\">\n\t\t<h3 style=\"margin-bottom: 1px;\"><span style=\"font-weight: 400; color: #149792;\"> Architettura con la canapa<\/span><\/h3>\n<h5>La rinascita edilizia della canapa<\/h5>\n\t<\/div>\n<\/div>\n\n\n\n\n\t\t\t<\/div> \n\t\t<\/div>\n\t<\/div> \n<\/div><\/div>","protected":false},"excerpt":{"rendered":"Costruire con la canapaScopri il materiale La canapa \u00e8 la fibra della pianta di cannabis. \u00c8 anche il nome dato alla pianta stessa quando non contiene THC, la molecola...","protected":false},"author":1,"featured_media":0,"parent":0,"menu_order":0,"comment_status":"closed","ping_status":"closed","template":"template-no-footer.php","meta":{"footnotes":""},"class_list":["post-343","page","type-page","status-publish"],"_links":{"self":[{"href":"https:\/\/hemp.humanitas360.org\/it\/wp-json\/wp\/v2\/pages\/343","targetHints":{"allow":["GET"]}}],"collection":[{"href":"https:\/\/hemp.humanitas360.org\/it\/wp-json\/wp\/v2\/pages"}],"about":[{"href":"https:\/\/hemp.humanitas360.org\/it\/wp-json\/wp\/v2\/types\/page"}],"author":[{"embeddable":true,"href":"https:\/\/hemp.humanitas360.org\/it\/wp-json\/wp\/v2\/users\/1"}],"replies":[{"embeddable":true,"href":"https:\/\/hemp.humanitas360.org\/it\/wp-json\/wp\/v2\/comments?post=343"}],"version-history":[{"count":10,"href":"https:\/\/hemp.humanitas360.org\/it\/wp-json\/wp\/v2\/pages\/343\/revisions"}],"predecessor-version":[{"id":684,"href":"https:\/\/hemp.humanitas360.org\/it\/wp-json\/wp\/v2\/pages\/343\/revisions\/684"}],"wp:attachment":[{"href":"https:\/\/hemp.humanitas360.org\/it\/wp-json\/wp\/v2\/media?parent=343"}],"curies":[{"name":"parola chiave","href":"https:\/\/api.w.org\/{rel}","templated":true}]}}